{"id":1010,"date":"2016-01-25T02:53:27","date_gmt":"2016-01-25T01:53:27","guid":{"rendered":"https:\/\/kaian.ch\/?page_id=1010"},"modified":"2021-09-22T12:27:29","modified_gmt":"2021-09-22T10:27:29","slug":"ueber-uns","status":"publish","type":"page","link":"https:\/\/kaian.ch\/de\/ueber-uns\/","title":{"rendered":"\u00dcber uns"},"content":{"rendered":"<div id=\"pl-1010\"  class=\"panel-layout\" ><div id=\"pg-1010-0\"  class=\"panel-grid panel-has-style\" ><div class=\"panel-row-style panel-row-style-for-1010-0\" ><div id=\"pgc-1010-0-0\"  class=\"panel-grid-cell\" ><div id=\"panel-1010-0-0-0\" class=\"so-panel widget widget_primrose-sow-heading panel-first-child\" data-index=\"0\" ><div\n\t\t\t\n\t\t\tclass=\"so-widget-primrose-sow-heading so-widget-primrose-sow-heading-default-d75171398898-1010\"\n\t\t\t\n\t\t><h2 class=\"primrose-sow-heading primrose-sow-alignment-left\">KAIAN<\/h2><\/div><\/div><div id=\"panel-1010-0-0-1\" class=\"so-panel widget widget_sow-editor panel-last-child\" data-index=\"1\" ><div\n\t\t\t\n\t\t\tclass=\"so-widget-sow-editor so-widget-sow-editor-base\"\n\t\t\t\n\t\t>\n<div class=\"siteorigin-widget-tinymce textwidget\">\n\t<p>Kaian gr\u00fcndete \"Kaian Z\u00fcri\" als Vintage-Schmuckunternehmen, sie ist von Antiqua Trading, einem Z\u00fcrcher Familienunternehmen mit \u00fcber 30 Jahren Erfahrung in der Antiquit\u00e4tenbranche.<\/p>\n<p>Nun f\u00fchrt sie diese bew\u00e4hrte, erfolgreiche Firma in eine neue Zeit .<\/p>\n<p>Sie kauft auf Vintage-Schmuck von Privatpersonen, H\u00e4ndlern und Auktionen .<\/p>\n<p>Die Idee des Unternehmens ist es, Vintage-Schmuck einer neuen Generation vorzustellen, um wertvolle Ressourcen zu schonen und den Schmuck wiederzuverwenden.<\/p>\n<\/div>\n<\/div><\/div><\/div><div id=\"pgc-1010-0-1\"  class=\"panel-grid-cell\" ><div id=\"panel-1010-0-1-0\" class=\"so-panel widget widget_sow-image panel-first-child panel-last-child\" data-index=\"2\" ><div\n\t\t\t\n\t\t\tclass=\"so-widget-sow-image so-widget-sow-image-default-dbf295114b96-1010\"\n\t\t\t\n\t\t>\n<div class=\"sow-image-container\">\n\t\t<img \n\tsrc=\"https:\/\/kaian.ch\/wp-content\/uploads\/2021\/08\/00882-Edit.png\" width=\"1200\" height=\"1921\" srcset=\"https:\/\/kaian.ch\/wp-content\/uploads\/2021\/08\/00882-Edit.png 1200w, https:\/\/kaian.ch\/wp-content\/uploads\/2021\/08\/00882-Edit-187x300.png 187w, https:\/\/kaian.ch\/wp-content\/uploads\/2021\/08\/00882-Edit-640x1024.png 640w, https:\/\/kaian.ch\/wp-content\/uploads\/2021\/08\/00882-Edit-768x1229.png 768w, https:\/\/kaian.ch\/wp-content\/uploads\/2021\/08\/00882-Edit-960x1536.png 960w, https:\/\/kaian.ch\/wp-content\/uploads\/2021\/08\/00882-Edit-1080x1729.png 1080w, https:\/\/kaian.ch\/wp-content\/uploads\/2021\/08\/00882-Edit-480x768.png 480w\" sizes=\"(max-width: 1200px) 100vw, 1200px\" alt=\"\" loading=\"lazy\" \t\tclass=\"so-widget-image\"\/>\n\t<\/div>\n\n<\/div><\/div><\/div><\/div><\/div><div id=\"pg-1010-1\"  class=\"panel-grid panel-no-style\" ><div id=\"pgc-1010-1-0\"  class=\"panel-grid-cell\" ><div id=\"panel-1010-1-0-0\" class=\"so-panel widget widget_primrose-sow-divider panel-first-child panel-last-child\" data-index=\"3\" ><div\n\t\t\t\n\t\t\tclass=\"so-widget-primrose-sow-divider so-widget-primrose-sow-divider-default-d75171398898-1010\"\n\t\t\t\n\t\t><hr class=\"primrose-sow-divider\" \/><\/div><\/div><\/div><\/div><\/div>","protected":false},"excerpt":{"rendered":"<p>Kaian gr\u00fcndete &#8222;Kaian Z\u00fcri&#8220; als Vintage-Schmuckunternehmen, sie ist von Antiqua Trading, einem Z\u00fcrcher Familienunternehmen mit \u00fcber 30 Jahren Erfahrung in der Antiquit\u00e4tenbranche. Nun f\u00fchrt sie diese bew\u00e4hrte, erfolgreiche Firma in eine neue Zeit . Sie kauft auf Vintage-Schmuck von Privatpersonen, H\u00e4ndlern und Auktionen . Die Idee des Unternehmens ist es, Vintage-Schmuck einer neuen Generation vorzustellen, [&hellip;]<\/p>\n","protected":false},"author":1,"featured_media":0,"parent":0,"menu_order":0,"comment_status":"closed","ping_status":"closed","template":"page-templates\/blank.php","meta":[],"yoast_head":"<!-- This site is optimized with the Yoast SEO plugin v21.1 - https:\/\/yoast.com\/wordpress\/plugins\/seo\/ -->\n<title>\u00dcber uns - Kaian Z\u00fcrich Jewellery<\/title>\n<meta name=\"robots\" content=\"index, follow, max-snippet:-1, max-image-preview:large, max-video-preview:-1\" \/>\n<link rel=\"canonical\" href=\"https:\/\/kaian.ch\/de\/ueber-uns\/\" \/>\n<meta property=\"og:locale\" content=\"de_DE\" \/>\n<meta property=\"og:type\" content=\"article\" \/>\n<meta property=\"og:title\" content=\"\u00dcber uns - Kaian Z\u00fcrich Jewellery\" \/>\n<meta property=\"og:description\" content=\"Kaian gr\u00fcndete &quot;Kaian Z\u00fcri&quot; als Vintage-Schmuckunternehmen, sie ist von Antiqua Trading, einem Z\u00fcrcher Familienunternehmen mit \u00fcber 30 Jahren Erfahrung in der Antiquit\u00e4tenbranche. Nun f\u00fchrt sie diese bew\u00e4hrte, erfolgreiche Firma in eine neue Zeit . Sie kauft auf Vintage-Schmuck von Privatpersonen, H\u00e4ndlern und Auktionen . Die Idee des Unternehmens ist es, Vintage-Schmuck einer neuen Generation vorzustellen, [&hellip;]\" \/>\n<meta property=\"og:url\" content=\"https:\/\/kaian.ch\/de\/ueber-uns\/\" \/>\n<meta property=\"og:site_name\" content=\"Kaian Z\u00fcrich Jewellery\" \/>\n<meta property=\"article:modified_time\" content=\"2021-09-22T10:27:29+00:00\" \/>\n<meta name=\"twitter:card\" content=\"summary_large_image\" \/>\n<meta name=\"twitter:label1\" content=\"Gesch\u00e4tzte Lesezeit\" \/>\n\t<meta name=\"twitter:data1\" content=\"1\u00a0Minute\" \/>\n<script type=\"application\/ld+json\" class=\"yoast-schema-graph\">{\"@context\":\"https:\/\/schema.org\",\"@graph\":[{\"@type\":\"WebPage\",\"@id\":\"https:\/\/kaian.ch\/de\/ueber-uns\/\",\"url\":\"https:\/\/kaian.ch\/de\/ueber-uns\/\",\"name\":\"\u00dcber uns - Kaian Z\u00fcrich Jewellery\",\"isPartOf\":{\"@id\":\"https:\/\/kaian.ch\/#website\"},\"datePublished\":\"2016-01-25T01:53:27+00:00\",\"dateModified\":\"2021-09-22T10:27:29+00:00\",\"breadcrumb\":{\"@id\":\"https:\/\/kaian.ch\/de\/ueber-uns\/#breadcrumb\"},\"inLanguage\":\"de\",\"potentialAction\":[{\"@type\":\"ReadAction\",\"target\":[\"https:\/\/kaian.ch\/de\/ueber-uns\/\"]}]},{\"@type\":\"BreadcrumbList\",\"@id\":\"https:\/\/kaian.ch\/de\/ueber-uns\/#breadcrumb\",\"itemListElement\":[{\"@type\":\"ListItem\",\"position\":1,\"name\":\"Home\",\"item\":\"https:\/\/kaian.ch\/de\/\"},{\"@type\":\"ListItem\",\"position\":2,\"name\":\"\u00dcber uns\"}]},{\"@type\":\"WebSite\",\"@id\":\"https:\/\/kaian.ch\/#website\",\"url\":\"https:\/\/kaian.ch\/\",\"name\":\"Kaian Z\u00fcrich Jewellery\",\"description\":\"\",\"publisher\":{\"@id\":\"https:\/\/kaian.ch\/#organization\"},\"potentialAction\":[{\"@type\":\"SearchAction\",\"target\":{\"@type\":\"EntryPoint\",\"urlTemplate\":\"https:\/\/kaian.ch\/?s={search_term_string}\"},\"query-input\":\"required name=search_term_string\"}],\"inLanguage\":\"de\"},{\"@type\":\"Organization\",\"@id\":\"https:\/\/kaian.ch\/#organization\",\"name\":\"Kaian Z\u00fcrich Jewellery\",\"url\":\"https:\/\/kaian.ch\/\",\"logo\":{\"@type\":\"ImageObject\",\"inLanguage\":\"de\",\"@id\":\"https:\/\/kaian.ch\/#\/schema\/logo\/image\/\",\"url\":\"https:\/\/i2.wp.com\/kaian.ch\/wp-content\/uploads\/2021\/07\/logo.png?fit=1243%2C876&ssl=1\",\"contentUrl\":\"https:\/\/i2.wp.com\/kaian.ch\/wp-content\/uploads\/2021\/07\/logo.png?fit=1243%2C876&ssl=1\",\"width\":1243,\"height\":876,\"caption\":\"Kaian Z\u00fcrich Jewellery\"},\"image\":{\"@id\":\"https:\/\/kaian.ch\/#\/schema\/logo\/image\/\"},\"sameAs\":[\"https:\/\/www.instagram.com\/kaianjewels\/\"]}]}<\/script>\n<!-- \/ Yoast SEO plugin. -->","yoast_head_json":{"title":"\u00dcber uns - Kaian Z\u00fcrich Jewellery","robots":{"index":"index","follow":"follow","max-snippet":"max-snippet:-1","max-image-preview":"max-image-preview:large","max-video-preview":"max-video-preview:-1"},"canonical":"https:\/\/kaian.ch\/de\/ueber-uns\/","og_locale":"de_DE","og_type":"article","og_title":"\u00dcber uns - Kaian Z\u00fcrich Jewellery","og_description":"Kaian gr\u00fcndete \"Kaian Z\u00fcri\" als Vintage-Schmuckunternehmen, sie ist von Antiqua Trading, einem Z\u00fcrcher Familienunternehmen mit \u00fcber 30 Jahren Erfahrung in der Antiquit\u00e4tenbranche. Nun f\u00fchrt sie diese bew\u00e4hrte, erfolgreiche Firma in eine neue Zeit . Sie kauft auf Vintage-Schmuck von Privatpersonen, H\u00e4ndlern und Auktionen . Die Idee des Unternehmens ist es, Vintage-Schmuck einer neuen Generation vorzustellen, [&hellip;]","og_url":"https:\/\/kaian.ch\/de\/ueber-uns\/","og_site_name":"Kaian Z\u00fcrich Jewellery","article_modified_time":"2021-09-22T10:27:29+00:00","twitter_card":"summary_large_image","twitter_misc":{"Gesch\u00e4tzte Lesezeit":"1\u00a0Minute"},"schema":{"@context":"https:\/\/schema.org","@graph":[{"@type":"WebPage","@id":"https:\/\/kaian.ch\/de\/ueber-uns\/","url":"https:\/\/kaian.ch\/de\/ueber-uns\/","name":"\u00dcber uns - Kaian Z\u00fcrich Jewellery","isPartOf":{"@id":"https:\/\/kaian.ch\/#website"},"datePublished":"2016-01-25T01:53:27+00:00","dateModified":"2021-09-22T10:27:29+00:00","breadcrumb":{"@id":"https:\/\/kaian.ch\/de\/ueber-uns\/#breadcrumb"},"inLanguage":"de","potentialAction":[{"@type":"ReadAction","target":["https:\/\/kaian.ch\/de\/ueber-uns\/"]}]},{"@type":"BreadcrumbList","@id":"https:\/\/kaian.ch\/de\/ueber-uns\/#breadcrumb","itemListElement":[{"@type":"ListItem","position":1,"name":"Home","item":"https:\/\/kaian.ch\/de\/"},{"@type":"ListItem","position":2,"name":"\u00dcber uns"}]},{"@type":"WebSite","@id":"https:\/\/kaian.ch\/#website","url":"https:\/\/kaian.ch\/","name":"Kaian Z\u00fcrich Jewellery","description":"","publisher":{"@id":"https:\/\/kaian.ch\/#organization"},"potentialAction":[{"@type":"SearchAction","target":{"@type":"EntryPoint","urlTemplate":"https:\/\/kaian.ch\/?s={search_term_string}"},"query-input":"required name=search_term_string"}],"inLanguage":"de"},{"@type":"Organization","@id":"https:\/\/kaian.ch\/#organization","name":"Kaian Z\u00fcrich Jewellery","url":"https:\/\/kaian.ch\/","logo":{"@type":"ImageObject","inLanguage":"de","@id":"https:\/\/kaian.ch\/#\/schema\/logo\/image\/","url":"https:\/\/i2.wp.com\/kaian.ch\/wp-content\/uploads\/2021\/07\/logo.png?fit=1243%2C876&ssl=1","contentUrl":"https:\/\/i2.wp.com\/kaian.ch\/wp-content\/uploads\/2021\/07\/logo.png?fit=1243%2C876&ssl=1","width":1243,"height":876,"caption":"Kaian Z\u00fcrich Jewellery"},"image":{"@id":"https:\/\/kaian.ch\/#\/schema\/logo\/image\/"},"sameAs":["https:\/\/www.instagram.com\/kaianjewels\/"]}]}},"_links":{"self":[{"href":"https:\/\/kaian.ch\/de\/wp-json\/wp\/v2\/pages\/1010"}],"collection":[{"href":"https:\/\/kaian.ch\/de\/wp-json\/wp\/v2\/pages"}],"about":[{"href":"https:\/\/kaian.ch\/de\/wp-json\/wp\/v2\/types\/page"}],"author":[{"embeddable":true,"href":"https:\/\/kaian.ch\/de\/wp-json\/wp\/v2\/users\/1"}],"replies":[{"embeddable":true,"href":"https:\/\/kaian.ch\/de\/wp-json\/wp\/v2\/comments?post=1010"}],"version-history":[{"count":21,"href":"https:\/\/kaian.ch\/de\/wp-json\/wp\/v2\/pages\/1010\/revisions"}],"predecessor-version":[{"id":2807,"href":"https:\/\/kaian.ch\/de\/wp-json\/wp\/v2\/pages\/1010\/revisions\/2807"}],"wp:attachment":[{"href":"https:\/\/kaian.ch\/de\/wp-json\/wp\/v2\/media?parent=1010"}],"curies":[{"name":"wp","href":"https:\/\/api.w.org\/{rel}","templated":true}]}}