{"id":2172,"date":"2016-01-14T11:28:42","date_gmt":"2016-01-14T11:28:42","guid":{"rendered":"https:\/\/kaian.ch\/contact-us\/"},"modified":"2021-10-08T09:09:12","modified_gmt":"2021-10-08T07:09:12","slug":"kontaktiere-uns","status":"publish","type":"page","link":"https:\/\/kaian.ch\/de\/kontaktiere-uns\/","title":{"rendered":"Kontaktiere uns"},"content":{"rendered":"<div id=\"pl-2172\"  class=\"panel-layout\" ><div id=\"pg-2172-0\"  class=\"panel-grid panel-has-style\" ><div class=\"panel-row-style panel-row-style-for-2172-0\" ><div id=\"pgc-2172-0-0\"  class=\"panel-grid-cell\" ><div id=\"panel-2172-0-0-0\" class=\"so-panel widget widget_primrose-sow-heading panel-first-child\" data-index=\"0\" ><div\n\t\t\t\n\t\t\tclass=\"so-widget-primrose-sow-heading so-widget-primrose-sow-heading-default-d75171398898-2172\"\n\t\t\t\n\t\t><h2 class=\"primrose-sow-heading primrose-sow-alignment-left\">Kontaktiere uns<\/h2><\/div><\/div><div id=\"panel-2172-0-0-1\" class=\"so-panel widget widget_sow-editor panel-last-child\" data-index=\"1\" ><div\n\t\t\t\n\t\t\tclass=\"so-widget-sow-editor so-widget-sow-editor-base\"\n\t\t\t\n\t\t>\n<div class=\"siteorigin-widget-tinymce textwidget\">\n\t<p>Wenn Sie Fragen zu unseren Angeboten haben oder einfach nur mehr \u00fcber uns erfahren m\u00f6chten: Rufen Sie uns an, schreiben Sie uns eine E-Mail oder nutzen Sie unser Kontaktformular.<\/p>\n<p>wir werden uns so schnell wie m\u00f6glich bei Ihnen melden.<\/p>\n<p>+41(0)763080716<\/p>\n<p>info@kaian.ch<\/p>\n<p>Wir haben keine festen \u00d6ffnungszeiten,<\/p>\n<p>Wenn Sie eine Auswahl an Schmuck direkt bei uns in unserem B\u00fcro abholem m\u00f6chten,rufen Sie uns an oder senden Sie uns eine E-Mail f\u00fcr einen Termin.<\/p>\n<\/div>\n<\/div><\/div><\/div><div id=\"pgc-2172-0-1\"  class=\"panel-grid-cell\" ><div id=\"panel-2172-0-1-0\" class=\"so-panel widget widget_sow-editor panel-first-child panel-last-child\" data-index=\"2\" ><div\n\t\t\t\n\t\t\tclass=\"so-widget-sow-editor so-widget-sow-editor-base\"\n\t\t\t\n\t\t>\n<div class=\"siteorigin-widget-tinymce textwidget\">\n\t\n<div class=\"wpcf7 no-js\" id=\"wpcf7-f19-o1\" lang=\"en-US\" dir=\"ltr\">\n<div class=\"screen-reader-response\"><p role=\"status\" aria-live=\"polite\" aria-atomic=\"true\"><\/p> <ul><\/ul><\/div>\n<form action=\"\/de\/wp-json\/wp\/v2\/pages\/2172#wpcf7-f19-o1\" method=\"post\" class=\"wpcf7-form init\" aria-label=\"Contact form\" novalidate=\"novalidate\" data-status=\"init\">\n<div style=\"display: none;\">\n<input type=\"hidden\" name=\"_wpcf7\" value=\"19\" \/>\n<input type=\"hidden\" name=\"_wpcf7_version\" value=\"5.7.7\" \/>\n<input type=\"hidden\" name=\"_wpcf7_locale\" value=\"en_US\" \/>\n<input type=\"hidden\" name=\"_wpcf7_unit_tag\" value=\"wpcf7-f19-o1\" \/>\n<input type=\"hidden\" name=\"_wpcf7_container_post\" value=\"0\" \/>\n<input type=\"hidden\" name=\"_wpcf7_posted_data_hash\" value=\"\" \/>\n<\/div>\n<p>Your Name (required)\n<\/p>\n<p><span class=\"wpcf7-form-control-wrap\" data-name=\"your-name\"><input size=\"40\" class=\"wpcf7-form-control wpcf7-text wpcf7-validates-as-required\" aria-required=\"true\" aria-invalid=\"false\" value=\"\" type=\"text\" name=\"your-name\" \/><\/span>\n<\/p>\n<p>Your Email (required)\n<\/p>\n<p><span class=\"wpcf7-form-control-wrap\" data-name=\"your-email\"><input size=\"40\" class=\"wpcf7-form-control wpcf7-text wpcf7-email wpcf7-validates-as-required wpcf7-validates-as-email\" aria-required=\"true\" aria-invalid=\"false\" value=\"\" type=\"email\" name=\"your-email\" \/><\/span>\n<\/p>\n<p>Subject\n<\/p>\n<p><span class=\"wpcf7-form-control-wrap\" data-name=\"your-subject\"><input size=\"40\" class=\"wpcf7-form-control wpcf7-text\" aria-invalid=\"false\" value=\"\" type=\"text\" name=\"your-subject\" \/><\/span>\n<\/p>\n<p>Your Message\n<\/p>\n<p><span class=\"wpcf7-form-control-wrap\" data-name=\"your-message\"><textarea cols=\"40\" rows=\"4\" class=\"wpcf7-form-control wpcf7-textarea\" aria-invalid=\"false\" name=\"your-message\"><\/textarea><\/span>\n<\/p>\n<p><input class=\"wpcf7-form-control has-spinner wpcf7-submit\" type=\"submit\" value=\"Send Message\" \/>\n<\/p><div class=\"wpcf7-response-output\" aria-hidden=\"true\"><\/div>\n<\/form>\n<\/div>\n\n<\/div>\n<\/div><\/div><\/div><\/div><\/div><\/div>","protected":false},"excerpt":{"rendered":"<p>Wenn Sie Fragen zu unseren Angeboten haben oder einfach nur mehr \u00fcber uns erfahren m\u00f6chten: Rufen Sie uns an, schreiben Sie uns eine E-Mail oder nutzen Sie unser Kontaktformular. wir werden uns so schnell wie m\u00f6glich bei Ihnen melden. +41(0)763080716 info@kaian.ch Wir haben keine festen \u00d6ffnungszeiten, Wenn Sie eine Auswahl an Schmuck direkt bei uns [&hellip;]<\/p>\n","protected":false},"author":1,"featured_media":0,"parent":0,"menu_order":0,"comment_status":"closed","ping_status":"closed","template":"page-templates\/blank.php","meta":[],"yoast_head":"<!-- This site is optimized with the Yoast SEO plugin v21.1 - https:\/\/yoast.com\/wordpress\/plugins\/seo\/ -->\n<title>Kontaktiere uns - Kaian Z\u00fcrich Jewellery<\/title>\n<meta name=\"robots\" content=\"index, follow, max-snippet:-1, max-image-preview:large, max-video-preview:-1\" \/>\n<link rel=\"canonical\" href=\"https:\/\/kaian.ch\/de\/kontaktiere-uns\/\" \/>\n<meta property=\"og:locale\" content=\"de_DE\" \/>\n<meta property=\"og:type\" content=\"article\" \/>\n<meta property=\"og:title\" content=\"Kontaktiere uns - Kaian Z\u00fcrich Jewellery\" \/>\n<meta property=\"og:description\" content=\"Wenn Sie Fragen zu unseren Angeboten haben oder einfach nur mehr \u00fcber uns erfahren m\u00f6chten: Rufen Sie uns an, schreiben Sie uns eine E-Mail oder nutzen Sie unser Kontaktformular. wir werden uns so schnell wie m\u00f6glich bei Ihnen melden. +41(0)763080716 info@kaian.ch Wir haben keine festen \u00d6ffnungszeiten, Wenn Sie eine Auswahl an Schmuck direkt bei uns [&hellip;]\" \/>\n<meta property=\"og:url\" content=\"https:\/\/kaian.ch\/de\/kontaktiere-uns\/\" \/>\n<meta property=\"og:site_name\" content=\"Kaian Z\u00fcrich Jewellery\" \/>\n<meta property=\"article:modified_time\" content=\"2021-10-08T07:09:12+00:00\" \/>\n<meta name=\"twitter:card\" content=\"summary_large_image\" \/>\n<meta name=\"twitter:label1\" content=\"Est. reading time\" \/>\n\t<meta name=\"twitter:data1\" content=\"1\u00a0Minute\" \/>\n<script type=\"application\/ld+json\" class=\"yoast-schema-graph\">{\"@context\":\"https:\/\/schema.org\",\"@graph\":[{\"@type\":\"WebPage\",\"@id\":\"https:\/\/kaian.ch\/de\/kontaktiere-uns\/\",\"url\":\"https:\/\/kaian.ch\/de\/kontaktiere-uns\/\",\"name\":\"Kontaktiere uns - Kaian Z\u00fcrich Jewellery\",\"isPartOf\":{\"@id\":\"https:\/\/kaian.ch\/#website\"},\"datePublished\":\"2016-01-14T11:28:42+00:00\",\"dateModified\":\"2021-10-08T07:09:12+00:00\",\"breadcrumb\":{\"@id\":\"https:\/\/kaian.ch\/de\/kontaktiere-uns\/#breadcrumb\"},\"inLanguage\":\"de\",\"potentialAction\":[{\"@type\":\"ReadAction\",\"target\":[\"https:\/\/kaian.ch\/de\/kontaktiere-uns\/\"]}]},{\"@type\":\"BreadcrumbList\",\"@id\":\"https:\/\/kaian.ch\/de\/kontaktiere-uns\/#breadcrumb\",\"itemListElement\":[{\"@type\":\"ListItem\",\"position\":1,\"name\":\"Home\",\"item\":\"https:\/\/kaian.ch\/de\/\"},{\"@type\":\"ListItem\",\"position\":2,\"name\":\"Kontaktiere uns\"}]},{\"@type\":\"WebSite\",\"@id\":\"https:\/\/kaian.ch\/#website\",\"url\":\"https:\/\/kaian.ch\/\",\"name\":\"Kaian Z\u00fcrich Jewellery\",\"description\":\"\",\"publisher\":{\"@id\":\"https:\/\/kaian.ch\/#organization\"},\"potentialAction\":[{\"@type\":\"SearchAction\",\"target\":{\"@type\":\"EntryPoint\",\"urlTemplate\":\"https:\/\/kaian.ch\/?s={search_term_string}\"},\"query-input\":\"required name=search_term_string\"}],\"inLanguage\":\"de\"},{\"@type\":\"Organization\",\"@id\":\"https:\/\/kaian.ch\/#organization\",\"name\":\"Kaian Z\u00fcrich Jewellery\",\"url\":\"https:\/\/kaian.ch\/\",\"logo\":{\"@type\":\"ImageObject\",\"inLanguage\":\"de\",\"@id\":\"https:\/\/kaian.ch\/#\/schema\/logo\/image\/\",\"url\":\"https:\/\/i2.wp.com\/kaian.ch\/wp-content\/uploads\/2021\/07\/logo.png?fit=1243%2C876&ssl=1\",\"contentUrl\":\"https:\/\/i2.wp.com\/kaian.ch\/wp-content\/uploads\/2021\/07\/logo.png?fit=1243%2C876&ssl=1\",\"width\":1243,\"height\":876,\"caption\":\"Kaian Z\u00fcrich Jewellery\"},\"image\":{\"@id\":\"https:\/\/kaian.ch\/#\/schema\/logo\/image\/\"},\"sameAs\":[\"https:\/\/www.instagram.com\/kaianjewels\/\"]}]}<\/script>\n<!-- \/ Yoast SEO plugin. -->","yoast_head_json":{"title":"Kontaktiere uns - Kaian Z\u00fcrich Jewellery","robots":{"index":"index","follow":"follow","max-snippet":"max-snippet:-1","max-image-preview":"max-image-preview:large","max-video-preview":"max-video-preview:-1"},"canonical":"https:\/\/kaian.ch\/de\/kontaktiere-uns\/","og_locale":"de_DE","og_type":"article","og_title":"Kontaktiere uns - Kaian Z\u00fcrich Jewellery","og_description":"Wenn Sie Fragen zu unseren Angeboten haben oder einfach nur mehr \u00fcber uns erfahren m\u00f6chten: Rufen Sie uns an, schreiben Sie uns eine E-Mail oder nutzen Sie unser Kontaktformular. wir werden uns so schnell wie m\u00f6glich bei Ihnen melden. +41(0)763080716 info@kaian.ch Wir haben keine festen \u00d6ffnungszeiten, Wenn Sie eine Auswahl an Schmuck direkt bei uns [&hellip;]","og_url":"https:\/\/kaian.ch\/de\/kontaktiere-uns\/","og_site_name":"Kaian Z\u00fcrich Jewellery","article_modified_time":"2021-10-08T07:09:12+00:00","twitter_card":"summary_large_image","twitter_misc":{"Est. reading time":"1\u00a0Minute"},"schema":{"@context":"https:\/\/schema.org","@graph":[{"@type":"WebPage","@id":"https:\/\/kaian.ch\/de\/kontaktiere-uns\/","url":"https:\/\/kaian.ch\/de\/kontaktiere-uns\/","name":"Kontaktiere uns - Kaian Z\u00fcrich Jewellery","isPartOf":{"@id":"https:\/\/kaian.ch\/#website"},"datePublished":"2016-01-14T11:28:42+00:00","dateModified":"2021-10-08T07:09:12+00:00","breadcrumb":{"@id":"https:\/\/kaian.ch\/de\/kontaktiere-uns\/#breadcrumb"},"inLanguage":"de","potentialAction":[{"@type":"ReadAction","target":["https:\/\/kaian.ch\/de\/kontaktiere-uns\/"]}]},{"@type":"BreadcrumbList","@id":"https:\/\/kaian.ch\/de\/kontaktiere-uns\/#breadcrumb","itemListElement":[{"@type":"ListItem","position":1,"name":"Home","item":"https:\/\/kaian.ch\/de\/"},{"@type":"ListItem","position":2,"name":"Kontaktiere uns"}]},{"@type":"WebSite","@id":"https:\/\/kaian.ch\/#website","url":"https:\/\/kaian.ch\/","name":"Kaian Z\u00fcrich Jewellery","description":"","publisher":{"@id":"https:\/\/kaian.ch\/#organization"},"potentialAction":[{"@type":"SearchAction","target":{"@type":"EntryPoint","urlTemplate":"https:\/\/kaian.ch\/?s={search_term_string}"},"query-input":"required name=search_term_string"}],"inLanguage":"de"},{"@type":"Organization","@id":"https:\/\/kaian.ch\/#organization","name":"Kaian Z\u00fcrich Jewellery","url":"https:\/\/kaian.ch\/","logo":{"@type":"ImageObject","inLanguage":"de","@id":"https:\/\/kaian.ch\/#\/schema\/logo\/image\/","url":"https:\/\/i2.wp.com\/kaian.ch\/wp-content\/uploads\/2021\/07\/logo.png?fit=1243%2C876&ssl=1","contentUrl":"https:\/\/i2.wp.com\/kaian.ch\/wp-content\/uploads\/2021\/07\/logo.png?fit=1243%2C876&ssl=1","width":1243,"height":876,"caption":"Kaian Z\u00fcrich Jewellery"},"image":{"@id":"https:\/\/kaian.ch\/#\/schema\/logo\/image\/"},"sameAs":["https:\/\/www.instagram.com\/kaianjewels\/"]}]}},"_links":{"self":[{"href":"https:\/\/kaian.ch\/de\/wp-json\/wp\/v2\/pages\/2172"}],"collection":[{"href":"https:\/\/kaian.ch\/de\/wp-json\/wp\/v2\/pages"}],"about":[{"href":"https:\/\/kaian.ch\/de\/wp-json\/wp\/v2\/types\/page"}],"author":[{"embeddable":true,"href":"https:\/\/kaian.ch\/de\/wp-json\/wp\/v2\/users\/1"}],"replies":[{"embeddable":true,"href":"https:\/\/kaian.ch\/de\/wp-json\/wp\/v2\/comments?post=2172"}],"version-history":[{"count":6,"href":"https:\/\/kaian.ch\/de\/wp-json\/wp\/v2\/pages\/2172\/revisions"}],"predecessor-version":[{"id":2907,"href":"https:\/\/kaian.ch\/de\/wp-json\/wp\/v2\/pages\/2172\/revisions\/2907"}],"wp:attachment":[{"href":"https:\/\/kaian.ch\/de\/wp-json\/wp\/v2\/media?parent=2172"}],"curies":[{"name":"wp","href":"https:\/\/api.w.org\/{rel}","templated":true}]}}