{"id":2179,"date":"2021-07-09T17:41:33","date_gmt":"2021-07-09T15:41:33","guid":{"rendered":"https:\/\/kaian.ch\/data-protection\/"},"modified":"2021-07-14T03:22:20","modified_gmt":"2021-07-14T01:22:20","slug":"datenschutz","status":"publish","type":"page","link":"https:\/\/kaian.ch\/de\/datenschutz\/","title":{"rendered":"Datenschutz"},"content":{"rendered":"\n<p>Hinweise zur Datenverarbeitung im Zusammenhang mit Google Analytics<\/p>\n\n\n\n<p>Diese Website benutzt Google Analytics, einen Webanalysedienst der Google Ireland Limited. Sofern der Verantwortliche f\u00fcr die Datenverarbeitung auf dieser Website au\u00dferhalb des Europ\u00e4ischen Wirtschaftsraums oder der Schweiz liegt, erfolgt die Datenverarbeitung durch Google Analytics durch die Google LLC. Google LLC und Google Ireland Limited werden im Folgenden als \u201eGoogle\u201c bezeichnet.<\/p>\n\n\n\n<p>Google Analytics verwendet sog. \u201eCookies\u201c, Textdateien, die auf Computer der Besucher gespeichert werden und die eine Analyse der Benutzung der Website durch den Websitebesucher erm\u00f6glichen. Die durch den Cookie erzeugten Informationen \u00fcber Benutzung dieser Website durch den Seitenbesucher (einschlie\u00dflich der gek\u00fcrzten IP-Adresse) werden in der Regel an einen Server von Google \u00fcbertragen und dort gespeichert.<\/p>\n\n\n\n<p>Google Analytics wird auf dieser Website nur mit der Erweiterung &#8222;_anonymizeIp()&#8220; verwendet. Diese Erweiterung gew\u00e4hrleistet eine Anonymisierung der IP-Adresse durch K\u00fcrzung und schlie\u00dft eine direkte Personenbeziehbarkeit aus. Durch die Erweiterung wird die IP-Adresse von Google jedoch innerhalb von Mitgliedstaaten der Europ\u00e4ischen Union oder in anderen Vertragsstaaten des Abkommens \u00fcber den Europ\u00e4ischen Wirtschaftsraum zuvor gek\u00fcrzt. Nur in Ausnahmef\u00e4llen wird die volle IP-Adresse an einen Server von Google in den USA \u00fcbertragen und dort gek\u00fcrzt. Die im Rahmen von Google Analytics von dem jeweiligen Browser \u00fcbermittelte IP-Adresse wird nicht mit anderen Daten von Google zusammengef\u00fchrt.<\/p>\n\n\n\n<p>Im Auftrag des Seitenbetreibers wird Google die Informationen benutzen, um die Nutzung der Website auszuwerten, um Reports \u00fcber die Websiteaktivit\u00e4ten zusammenzustellen und um weitere mit der Websitenutzung und der Internetnutzung verbundene Dienstleistungen gegen\u00fcber dem Websitebetreiber zu erbringen (Art. 6 Abs. 1 lit. 1 Buchstabe f DSGVO). Das berechtigte Interesse an der Datenverarbeitung liegt in der Optimierung dieser Website, der Analyse der Websitenutzung und der Anpassung der Inhalte. Die Interessen der Nutzer werden durch die Pseudonymisierung angemessen gewahrt.<\/p>\n\n\n\n<p>Google LLC. bietet auf Grundlage der Standardvertragsklauseln eine Garantie f\u00fcr die Einhaltung eines angemessenen Datenschutzniveaus. Die gesendeten und mit Cookies, User-IDs (z.B. User-ID) oder Werbe-IDs verkn\u00fcpften Daten werden nach 50 Monaten automatisch gel\u00f6scht. Die L\u00f6schung von Daten, deren Aufbewahrungsfrist abgelaufen ist, erfolgt automatisch einmal im Monat.<\/p>\n\n\n\n<p>Die Erfassung durch Google Analytics kann verhindert werden, indem der Seitenbesucher die Cookie-Einstellungen f\u00fcr diese Website anpasst. Auch der Erhebung und Speicherung der IP-Adresse sowie der durch Cookies erzeugten Daten kann jederzeit mit Wirkung f\u00fcr die Zukunft widersprochen werden. Das entsprechende Browser-Plugin kann unter folgendem Link heruntergeladen und installiert werden: https:\/\/tools.google.com\/dlpage\/gaoptout.<\/p>\n\n\n\n<p>Der Seitenbesucher kann die Erfassung durch Google Analytics auf dieser Website verhindern, indem er auf folgenden Link klickt. Es wird ein Opt-Out-Cookie gesetzt, das die zuk\u00fcnftige Erfassung der Daten beim Besuch dieser Website verhindert.<\/p>\n\n\n\n<p>Weitere Informationen zur Datennutzung durch Google, Einstellungs- und Widerspruchsm\u00f6glichkeiten finden Sie in der Datenschutzerkl\u00e4rung von Google (https:\/\/policies.google.com\/privacy) sowie in den Einstellungen f\u00fcr die Darstellung von Werbeeinblendungen durch Google ( https: \/\/ adssettings.google.com\/authenticated).<\/p>\n\n\n\n<p>reCAPTCHA<\/p>\n\n\n\n<p>Um Ihre Anfragen per Internetformular zu sch\u00fctzen, verwenden wir den Dienst reCAPTCHA der Google LLC (Google). Die Abfrage dient der Unterscheidung, ob die Eingabe durch eine Person oder missbr\u00e4uchlich durch automatisierte, maschinelle Verarbeitung erfolgt. Die Abfrage beinhaltet den Versand der IP-Adresse und ggf. weiterer von Google f\u00fcr den Dienst reCAPTCHA ben\u00f6tigter Daten an Google. Zu diesem Zweck werden Ihre Eingaben an Google \u00fcbermittelt und dort verwendet. Ihre IP-Adresse wird von Google jedoch innerhalb von Mitgliedstaaten der Europ\u00e4ischen Union oder in anderen Vertragsstaaten des Abkommens \u00fcber den Europ\u00e4ischen Wirtschaftsraum zuvor gek\u00fcrzt. Nur in Ausnahmef\u00e4llen wird die volle IP-Adresse an einen Server von Google in den USA \u00fcbertragen und dort gek\u00fcrzt. Im Auftrag des Betreibers dieser Website wird Google diese Informationen benutzen, um Ihre Nutzung dieses Dienstes auszuwerten. Die im Rahmen von reCaptcha von Ihrem Browser \u00fcbermittelte IP-Adresse wird nicht mit anderen Daten von Google zusammengef\u00fchrt. F\u00fcr diese Daten gelten die abweichenden Datenschutzbestimmungen von Google. Weitere Informationen zu den Datenschutzrichtlinien von Google finden Sie unter: https:\/\/policies.google.com\/privacy?hl=de<\/p>\n","protected":false},"excerpt":{"rendered":"<p>Hinweise zur Datenverarbeitung im Zusammenhang mit Google Analytics Diese Website benutzt Google Analytics, einen Webanalysedienst der Google Ireland Limited. Sofern der Verantwortliche f\u00fcr die Datenverarbeitung auf dieser Website au\u00dferhalb des Europ\u00e4ischen Wirtschaftsraums oder der Schweiz liegt, erfolgt die Datenverarbeitung durch Google Analytics durch die Google LLC. Google LLC und Google Ireland Limited werden im Folgenden [&hellip;]<\/p>\n","protected":false},"author":1,"featured_media":0,"parent":0,"menu_order":0,"comment_status":"closed","ping_status":"closed","template":"page-templates\/narrow-width.php","meta":[],"yoast_head":"<!-- This site is optimized with the Yoast SEO plugin v21.1 - https:\/\/yoast.com\/wordpress\/plugins\/seo\/ -->\n<title>Datenschutz - Kaian Z\u00fcrich Jewellery<\/title>\n<meta name=\"robots\" content=\"index, follow, max-snippet:-1, max-image-preview:large, max-video-preview:-1\" \/>\n<link rel=\"canonical\" href=\"https:\/\/kaian.ch\/de\/datenschutz\/\" \/>\n<meta property=\"og:locale\" content=\"de_DE\" \/>\n<meta property=\"og:type\" content=\"article\" \/>\n<meta property=\"og:title\" content=\"Datenschutz - Kaian Z\u00fcrich Jewellery\" \/>\n<meta property=\"og:description\" content=\"Hinweise zur Datenverarbeitung im Zusammenhang mit Google Analytics Diese Website benutzt Google Analytics, einen Webanalysedienst der Google Ireland Limited. Sofern der Verantwortliche f\u00fcr die Datenverarbeitung auf dieser Website au\u00dferhalb des Europ\u00e4ischen Wirtschaftsraums oder der Schweiz liegt, erfolgt die Datenverarbeitung durch Google Analytics durch die Google LLC. Google LLC und Google Ireland Limited werden im Folgenden [&hellip;]\" \/>\n<meta property=\"og:url\" content=\"https:\/\/kaian.ch\/de\/datenschutz\/\" \/>\n<meta property=\"og:site_name\" content=\"Kaian Z\u00fcrich Jewellery\" \/>\n<meta property=\"article:modified_time\" content=\"2021-07-14T01:22:20+00:00\" \/>\n<meta name=\"twitter:card\" content=\"summary_large_image\" \/>\n<meta name=\"twitter:label1\" content=\"Gesch\u00e4tzte Lesezeit\" \/>\n\t<meta name=\"twitter:data1\" content=\"3\u00a0Minuten\" \/>\n<script type=\"application\/ld+json\" class=\"yoast-schema-graph\">{\"@context\":\"https:\/\/schema.org\",\"@graph\":[{\"@type\":\"WebPage\",\"@id\":\"https:\/\/kaian.ch\/de\/datenschutz\/\",\"url\":\"https:\/\/kaian.ch\/de\/datenschutz\/\",\"name\":\"Datenschutz - Kaian Z\u00fcrich Jewellery\",\"isPartOf\":{\"@id\":\"https:\/\/kaian.ch\/#website\"},\"datePublished\":\"2021-07-09T15:41:33+00:00\",\"dateModified\":\"2021-07-14T01:22:20+00:00\",\"breadcrumb\":{\"@id\":\"https:\/\/kaian.ch\/de\/datenschutz\/#breadcrumb\"},\"inLanguage\":\"de\",\"potentialAction\":[{\"@type\":\"ReadAction\",\"target\":[\"https:\/\/kaian.ch\/de\/datenschutz\/\"]}]},{\"@type\":\"BreadcrumbList\",\"@id\":\"https:\/\/kaian.ch\/de\/datenschutz\/#breadcrumb\",\"itemListElement\":[{\"@type\":\"ListItem\",\"position\":1,\"name\":\"Home\",\"item\":\"https:\/\/kaian.ch\/de\/\"},{\"@type\":\"ListItem\",\"position\":2,\"name\":\"Datenschutz\"}]},{\"@type\":\"WebSite\",\"@id\":\"https:\/\/kaian.ch\/#website\",\"url\":\"https:\/\/kaian.ch\/\",\"name\":\"Kaian Z\u00fcrich Jewellery\",\"description\":\"\",\"publisher\":{\"@id\":\"https:\/\/kaian.ch\/#organization\"},\"potentialAction\":[{\"@type\":\"SearchAction\",\"target\":{\"@type\":\"EntryPoint\",\"urlTemplate\":\"https:\/\/kaian.ch\/?s={search_term_string}\"},\"query-input\":\"required name=search_term_string\"}],\"inLanguage\":\"de\"},{\"@type\":\"Organization\",\"@id\":\"https:\/\/kaian.ch\/#organization\",\"name\":\"Kaian Z\u00fcrich Jewellery\",\"url\":\"https:\/\/kaian.ch\/\",\"logo\":{\"@type\":\"ImageObject\",\"inLanguage\":\"de\",\"@id\":\"https:\/\/kaian.ch\/#\/schema\/logo\/image\/\",\"url\":\"https:\/\/i2.wp.com\/kaian.ch\/wp-content\/uploads\/2021\/07\/logo.png?fit=1243%2C876&ssl=1\",\"contentUrl\":\"https:\/\/i2.wp.com\/kaian.ch\/wp-content\/uploads\/2021\/07\/logo.png?fit=1243%2C876&ssl=1\",\"width\":1243,\"height\":876,\"caption\":\"Kaian Z\u00fcrich Jewellery\"},\"image\":{\"@id\":\"https:\/\/kaian.ch\/#\/schema\/logo\/image\/\"},\"sameAs\":[\"https:\/\/www.instagram.com\/kaianjewels\/\"]}]}<\/script>\n<!-- \/ Yoast SEO plugin. -->","yoast_head_json":{"title":"Datenschutz - Kaian Z\u00fcrich Jewellery","robots":{"index":"index","follow":"follow","max-snippet":"max-snippet:-1","max-image-preview":"max-image-preview:large","max-video-preview":"max-video-preview:-1"},"canonical":"https:\/\/kaian.ch\/de\/datenschutz\/","og_locale":"de_DE","og_type":"article","og_title":"Datenschutz - Kaian Z\u00fcrich Jewellery","og_description":"Hinweise zur Datenverarbeitung im Zusammenhang mit Google Analytics Diese Website benutzt Google Analytics, einen Webanalysedienst der Google Ireland Limited. Sofern der Verantwortliche f\u00fcr die Datenverarbeitung auf dieser Website au\u00dferhalb des Europ\u00e4ischen Wirtschaftsraums oder der Schweiz liegt, erfolgt die Datenverarbeitung durch Google Analytics durch die Google LLC. Google LLC und Google Ireland Limited werden im Folgenden [&hellip;]","og_url":"https:\/\/kaian.ch\/de\/datenschutz\/","og_site_name":"Kaian Z\u00fcrich Jewellery","article_modified_time":"2021-07-14T01:22:20+00:00","twitter_card":"summary_large_image","twitter_misc":{"Gesch\u00e4tzte Lesezeit":"3\u00a0Minuten"},"schema":{"@context":"https:\/\/schema.org","@graph":[{"@type":"WebPage","@id":"https:\/\/kaian.ch\/de\/datenschutz\/","url":"https:\/\/kaian.ch\/de\/datenschutz\/","name":"Datenschutz - Kaian Z\u00fcrich Jewellery","isPartOf":{"@id":"https:\/\/kaian.ch\/#website"},"datePublished":"2021-07-09T15:41:33+00:00","dateModified":"2021-07-14T01:22:20+00:00","breadcrumb":{"@id":"https:\/\/kaian.ch\/de\/datenschutz\/#breadcrumb"},"inLanguage":"de","potentialAction":[{"@type":"ReadAction","target":["https:\/\/kaian.ch\/de\/datenschutz\/"]}]},{"@type":"BreadcrumbList","@id":"https:\/\/kaian.ch\/de\/datenschutz\/#breadcrumb","itemListElement":[{"@type":"ListItem","position":1,"name":"Home","item":"https:\/\/kaian.ch\/de\/"},{"@type":"ListItem","position":2,"name":"Datenschutz"}]},{"@type":"WebSite","@id":"https:\/\/kaian.ch\/#website","url":"https:\/\/kaian.ch\/","name":"Kaian Z\u00fcrich Jewellery","description":"","publisher":{"@id":"https:\/\/kaian.ch\/#organization"},"potentialAction":[{"@type":"SearchAction","target":{"@type":"EntryPoint","urlTemplate":"https:\/\/kaian.ch\/?s={search_term_string}"},"query-input":"required name=search_term_string"}],"inLanguage":"de"},{"@type":"Organization","@id":"https:\/\/kaian.ch\/#organization","name":"Kaian Z\u00fcrich Jewellery","url":"https:\/\/kaian.ch\/","logo":{"@type":"ImageObject","inLanguage":"de","@id":"https:\/\/kaian.ch\/#\/schema\/logo\/image\/","url":"https:\/\/i2.wp.com\/kaian.ch\/wp-content\/uploads\/2021\/07\/logo.png?fit=1243%2C876&ssl=1","contentUrl":"https:\/\/i2.wp.com\/kaian.ch\/wp-content\/uploads\/2021\/07\/logo.png?fit=1243%2C876&ssl=1","width":1243,"height":876,"caption":"Kaian Z\u00fcrich Jewellery"},"image":{"@id":"https:\/\/kaian.ch\/#\/schema\/logo\/image\/"},"sameAs":["https:\/\/www.instagram.com\/kaianjewels\/"]}]}},"_links":{"self":[{"href":"https:\/\/kaian.ch\/de\/wp-json\/wp\/v2\/pages\/2179"}],"collection":[{"href":"https:\/\/kaian.ch\/de\/wp-json\/wp\/v2\/pages"}],"about":[{"href":"https:\/\/kaian.ch\/de\/wp-json\/wp\/v2\/types\/page"}],"author":[{"embeddable":true,"href":"https:\/\/kaian.ch\/de\/wp-json\/wp\/v2\/users\/1"}],"replies":[{"embeddable":true,"href":"https:\/\/kaian.ch\/de\/wp-json\/wp\/v2\/comments?post=2179"}],"version-history":[{"count":2,"href":"https:\/\/kaian.ch\/de\/wp-json\/wp\/v2\/pages\/2179\/revisions"}],"predecessor-version":[{"id":2185,"href":"https:\/\/kaian.ch\/de\/wp-json\/wp\/v2\/pages\/2179\/revisions\/2185"}],"wp:attachment":[{"href":"https:\/\/kaian.ch\/de\/wp-json\/wp\/v2\/media?parent=2179"}],"curies":[{"name":"wp","href":"https:\/\/api.w.org\/{rel}","templated":true}]}}