{"id":2195,"date":"2021-07-09T17:41:33","date_gmt":"2021-07-09T15:41:33","guid":{"rendered":"https:\/\/kaian.ch\/terms-conditions\/"},"modified":"2021-07-14T18:44:36","modified_gmt":"2021-07-14T16:44:36","slug":"lieferbedingungen","status":"publish","type":"page","link":"https:\/\/kaian.ch\/de\/lieferbedingungen\/","title":{"rendered":"Lieferbedingungen"},"content":{"rendered":"\n<p><strong>Lieferungen<\/strong><\/p>\n\n\n\n<p>Die Lieferung erfolgt an die vom Kunden w\u00e4hrend des Bestellvorgangs angegebene Lieferadresse. Kaian Zuri liefert in alle von der Schweizerischen Post bedienten L\u00e4nder. Kontaktieren Sie uns bei besonderen Lieferw\u00fcnschen.<\/p>\n\n\n\n<p><strong>Versandkosten<\/strong><\/p>\n\n\n\n<p>Versandkosten werden in der Schweiz und weltweit bei Standardversand kostenlos angeboten. F\u00fcr den Expressversand fallen Geb\u00fchren an.<\/p>\n\n\n\n<p><strong>Schutz personenbezogener Daten<\/strong><\/p>\n\n\n\n<p>Alle Kundendaten werden streng vertraulich behandelt und Kaian Z\u00fcri verpflichtet sich, die ethischen Regeln der ASVPC sowie die geltenden Gesetze, insbesondere im Hinblick auf den Datenschutz, einzuhalten.<\/p>\n\n\n\n<p>Wir verwenden Ihre Daten nur zur ordnungsgem\u00e4\u00dfen Abwicklung Ihrer Bestellung. Die bei der Registrierung angegebene E-Mail-Adresse wird nur verwendet, um Sie \u00fcber unsere neuen Verk\u00e4ufe zu informieren. Sie k\u00f6nnen sich jederzeit abmelden. Kaian Z\u00fcri verpflichtet sich, Ihre personenbezogenen Daten nicht zu kommerziellen Zwecken an Dritte weiterzugeben.<\/p>\n\n\n\n<p><\/p>\n","protected":false},"excerpt":{"rendered":"<p>Lieferungen Die Lieferung erfolgt an die vom Kunden w\u00e4hrend des Bestellvorgangs angegebene Lieferadresse. Kaian Zuri liefert in alle von der Schweizerischen Post bedienten L\u00e4nder. Kontaktieren Sie uns bei besonderen Lieferw\u00fcnschen. Versandkosten Versandkosten werden in der Schweiz und weltweit bei Standardversand kostenlos angeboten. F\u00fcr den Expressversand fallen Geb\u00fchren an. Schutz personenbezogener Daten Alle Kundendaten werden streng [&hellip;]<\/p>\n","protected":false},"author":1,"featured_media":0,"parent":0,"menu_order":0,"comment_status":"closed","ping_status":"closed","template":"page-templates\/narrow-width.php","meta":[],"yoast_head":"<!-- This site is optimized with the Yoast SEO plugin v21.1 - https:\/\/yoast.com\/wordpress\/plugins\/seo\/ -->\n<title>Lieferbedingungen - Kaian Z\u00fcrich Jewellery<\/title>\n<meta name=\"robots\" content=\"index, follow, max-snippet:-1, max-image-preview:large, max-video-preview:-1\" \/>\n<link rel=\"canonical\" href=\"https:\/\/kaian.ch\/de\/lieferbedingungen\/\" \/>\n<meta property=\"og:locale\" content=\"de_DE\" \/>\n<meta property=\"og:type\" content=\"article\" \/>\n<meta property=\"og:title\" content=\"Lieferbedingungen - Kaian Z\u00fcrich Jewellery\" \/>\n<meta property=\"og:description\" content=\"Lieferungen Die Lieferung erfolgt an die vom Kunden w\u00e4hrend des Bestellvorgangs angegebene Lieferadresse. Kaian Zuri liefert in alle von der Schweizerischen Post bedienten L\u00e4nder. Kontaktieren Sie uns bei besonderen Lieferw\u00fcnschen. Versandkosten Versandkosten werden in der Schweiz und weltweit bei Standardversand kostenlos angeboten. F\u00fcr den Expressversand fallen Geb\u00fchren an. Schutz personenbezogener Daten Alle Kundendaten werden streng [&hellip;]\" \/>\n<meta property=\"og:url\" content=\"https:\/\/kaian.ch\/de\/lieferbedingungen\/\" \/>\n<meta property=\"og:site_name\" content=\"Kaian Z\u00fcrich Jewellery\" \/>\n<meta property=\"article:modified_time\" content=\"2021-07-14T16:44:36+00:00\" \/>\n<meta name=\"twitter:card\" content=\"summary_large_image\" \/>\n<meta name=\"twitter:label1\" content=\"Gesch\u00e4tzte Lesezeit\" \/>\n\t<meta name=\"twitter:data1\" content=\"1\u00a0Minute\" \/>\n<script type=\"application\/ld+json\" class=\"yoast-schema-graph\">{\"@context\":\"https:\/\/schema.org\",\"@graph\":[{\"@type\":\"WebPage\",\"@id\":\"https:\/\/kaian.ch\/de\/lieferbedingungen\/\",\"url\":\"https:\/\/kaian.ch\/de\/lieferbedingungen\/\",\"name\":\"Lieferbedingungen - Kaian Z\u00fcrich Jewellery\",\"isPartOf\":{\"@id\":\"https:\/\/kaian.ch\/#website\"},\"datePublished\":\"2021-07-09T15:41:33+00:00\",\"dateModified\":\"2021-07-14T16:44:36+00:00\",\"breadcrumb\":{\"@id\":\"https:\/\/kaian.ch\/de\/lieferbedingungen\/#breadcrumb\"},\"inLanguage\":\"de\",\"potentialAction\":[{\"@type\":\"ReadAction\",\"target\":[\"https:\/\/kaian.ch\/de\/lieferbedingungen\/\"]}]},{\"@type\":\"BreadcrumbList\",\"@id\":\"https:\/\/kaian.ch\/de\/lieferbedingungen\/#breadcrumb\",\"itemListElement\":[{\"@type\":\"ListItem\",\"position\":1,\"name\":\"Home\",\"item\":\"https:\/\/kaian.ch\/de\/\"},{\"@type\":\"ListItem\",\"position\":2,\"name\":\"Lieferbedingungen\"}]},{\"@type\":\"WebSite\",\"@id\":\"https:\/\/kaian.ch\/#website\",\"url\":\"https:\/\/kaian.ch\/\",\"name\":\"Kaian Z\u00fcrich Jewellery\",\"description\":\"\",\"publisher\":{\"@id\":\"https:\/\/kaian.ch\/#organization\"},\"potentialAction\":[{\"@type\":\"SearchAction\",\"target\":{\"@type\":\"EntryPoint\",\"urlTemplate\":\"https:\/\/kaian.ch\/?s={search_term_string}\"},\"query-input\":\"required name=search_term_string\"}],\"inLanguage\":\"de\"},{\"@type\":\"Organization\",\"@id\":\"https:\/\/kaian.ch\/#organization\",\"name\":\"Kaian Z\u00fcrich Jewellery\",\"url\":\"https:\/\/kaian.ch\/\",\"logo\":{\"@type\":\"ImageObject\",\"inLanguage\":\"de\",\"@id\":\"https:\/\/kaian.ch\/#\/schema\/logo\/image\/\",\"url\":\"https:\/\/i2.wp.com\/kaian.ch\/wp-content\/uploads\/2021\/07\/logo.png?fit=1243%2C876&ssl=1\",\"contentUrl\":\"https:\/\/i2.wp.com\/kaian.ch\/wp-content\/uploads\/2021\/07\/logo.png?fit=1243%2C876&ssl=1\",\"width\":1243,\"height\":876,\"caption\":\"Kaian Z\u00fcrich Jewellery\"},\"image\":{\"@id\":\"https:\/\/kaian.ch\/#\/schema\/logo\/image\/\"},\"sameAs\":[\"https:\/\/www.instagram.com\/kaianjewels\/\"]}]}<\/script>\n<!-- \/ Yoast SEO plugin. -->","yoast_head_json":{"title":"Lieferbedingungen - Kaian Z\u00fcrich Jewellery","robots":{"index":"index","follow":"follow","max-snippet":"max-snippet:-1","max-image-preview":"max-image-preview:large","max-video-preview":"max-video-preview:-1"},"canonical":"https:\/\/kaian.ch\/de\/lieferbedingungen\/","og_locale":"de_DE","og_type":"article","og_title":"Lieferbedingungen - Kaian Z\u00fcrich Jewellery","og_description":"Lieferungen Die Lieferung erfolgt an die vom Kunden w\u00e4hrend des Bestellvorgangs angegebene Lieferadresse. Kaian Zuri liefert in alle von der Schweizerischen Post bedienten L\u00e4nder. Kontaktieren Sie uns bei besonderen Lieferw\u00fcnschen. Versandkosten Versandkosten werden in der Schweiz und weltweit bei Standardversand kostenlos angeboten. F\u00fcr den Expressversand fallen Geb\u00fchren an. Schutz personenbezogener Daten Alle Kundendaten werden streng [&hellip;]","og_url":"https:\/\/kaian.ch\/de\/lieferbedingungen\/","og_site_name":"Kaian Z\u00fcrich Jewellery","article_modified_time":"2021-07-14T16:44:36+00:00","twitter_card":"summary_large_image","twitter_misc":{"Gesch\u00e4tzte Lesezeit":"1\u00a0Minute"},"schema":{"@context":"https:\/\/schema.org","@graph":[{"@type":"WebPage","@id":"https:\/\/kaian.ch\/de\/lieferbedingungen\/","url":"https:\/\/kaian.ch\/de\/lieferbedingungen\/","name":"Lieferbedingungen - Kaian Z\u00fcrich Jewellery","isPartOf":{"@id":"https:\/\/kaian.ch\/#website"},"datePublished":"2021-07-09T15:41:33+00:00","dateModified":"2021-07-14T16:44:36+00:00","breadcrumb":{"@id":"https:\/\/kaian.ch\/de\/lieferbedingungen\/#breadcrumb"},"inLanguage":"de","potentialAction":[{"@type":"ReadAction","target":["https:\/\/kaian.ch\/de\/lieferbedingungen\/"]}]},{"@type":"BreadcrumbList","@id":"https:\/\/kaian.ch\/de\/lieferbedingungen\/#breadcrumb","itemListElement":[{"@type":"ListItem","position":1,"name":"Home","item":"https:\/\/kaian.ch\/de\/"},{"@type":"ListItem","position":2,"name":"Lieferbedingungen"}]},{"@type":"WebSite","@id":"https:\/\/kaian.ch\/#website","url":"https:\/\/kaian.ch\/","name":"Kaian Z\u00fcrich Jewellery","description":"","publisher":{"@id":"https:\/\/kaian.ch\/#organization"},"potentialAction":[{"@type":"SearchAction","target":{"@type":"EntryPoint","urlTemplate":"https:\/\/kaian.ch\/?s={search_term_string}"},"query-input":"required name=search_term_string"}],"inLanguage":"de"},{"@type":"Organization","@id":"https:\/\/kaian.ch\/#organization","name":"Kaian Z\u00fcrich Jewellery","url":"https:\/\/kaian.ch\/","logo":{"@type":"ImageObject","inLanguage":"de","@id":"https:\/\/kaian.ch\/#\/schema\/logo\/image\/","url":"https:\/\/i2.wp.com\/kaian.ch\/wp-content\/uploads\/2021\/07\/logo.png?fit=1243%2C876&ssl=1","contentUrl":"https:\/\/i2.wp.com\/kaian.ch\/wp-content\/uploads\/2021\/07\/logo.png?fit=1243%2C876&ssl=1","width":1243,"height":876,"caption":"Kaian Z\u00fcrich Jewellery"},"image":{"@id":"https:\/\/kaian.ch\/#\/schema\/logo\/image\/"},"sameAs":["https:\/\/www.instagram.com\/kaianjewels\/"]}]}},"_links":{"self":[{"href":"https:\/\/kaian.ch\/de\/wp-json\/wp\/v2\/pages\/2195"}],"collection":[{"href":"https:\/\/kaian.ch\/de\/wp-json\/wp\/v2\/pages"}],"about":[{"href":"https:\/\/kaian.ch\/de\/wp-json\/wp\/v2\/types\/page"}],"author":[{"embeddable":true,"href":"https:\/\/kaian.ch\/de\/wp-json\/wp\/v2\/users\/1"}],"replies":[{"embeddable":true,"href":"https:\/\/kaian.ch\/de\/wp-json\/wp\/v2\/comments?post=2195"}],"version-history":[{"count":2,"href":"https:\/\/kaian.ch\/de\/wp-json\/wp\/v2\/pages\/2195\/revisions"}],"predecessor-version":[{"id":2321,"href":"https:\/\/kaian.ch\/de\/wp-json\/wp\/v2\/pages\/2195\/revisions\/2321"}],"wp:attachment":[{"href":"https:\/\/kaian.ch\/de\/wp-json\/wp\/v2\/media?parent=2195"}],"curies":[{"name":"wp","href":"https:\/\/api.w.org\/{rel}","templated":true}]}}