{"id":2265,"date":"2021-07-14T16:38:41","date_gmt":"2021-07-14T14:38:41","guid":{"rendered":"https:\/\/kaian.ch\/?page_id=2265"},"modified":"2021-08-08T23:52:51","modified_gmt":"2021-08-08T21:52:51","slug":"sichere-bezahlung","status":"publish","type":"page","link":"https:\/\/kaian.ch\/de\/sichere-bezahlung\/","title":{"rendered":"Sichere Bezahlung"},"content":{"rendered":"\n<p>Alle Kundendaten werden streng vertraulich behandelt und Kaian Z\u00fcri verpflichtet sich, die ethischen Regeln der ASVPC sowie die geltenden Gesetze, insbesondere im Hinblick auf den Datenschutz, einzuhalten.<\/p>\n\n\n\n<p>Wir verwenden Ihre Daten nur zur ordnungsgem\u00e4\u00dfen Abwicklung Ihrer Bestellung. Die bei der Registrierung angegebene E-Mail-Adresse wird nur verwendet, um Sie \u00fcber unsere neuen Verk\u00e4ufe zu informieren. Sie k\u00f6nnen sich jederzeit abmelden. <\/p>\n","protected":false},"excerpt":{"rendered":"<p>Alle Kundendaten werden streng vertraulich behandelt und Kaian Z\u00fcri verpflichtet sich, die ethischen Regeln der ASVPC sowie die geltenden Gesetze, insbesondere im Hinblick auf den Datenschutz, einzuhalten. Wir verwenden Ihre Daten nur zur ordnungsgem\u00e4\u00dfen Abwicklung Ihrer Bestellung. Die bei der Registrierung angegebene E-Mail-Adresse wird nur verwendet, um Sie \u00fcber unsere neuen Verk\u00e4ufe zu informieren. Sie [&hellip;]<\/p>\n","protected":false},"author":1,"featured_media":0,"parent":0,"menu_order":0,"comment_status":"closed","ping_status":"closed","template":"page-templates\/narrow-width.php","meta":[],"yoast_head":"<!-- This site is optimized with the Yoast SEO plugin v21.1 - https:\/\/yoast.com\/wordpress\/plugins\/seo\/ -->\n<title>Sichere Bezahlung - Kaian Z\u00fcrich Jewellery<\/title>\n<meta name=\"robots\" content=\"index, follow, max-snippet:-1, max-image-preview:large, max-video-preview:-1\" \/>\n<link rel=\"canonical\" href=\"https:\/\/kaian.ch\/de\/sichere-bezahlung\/\" \/>\n<meta property=\"og:locale\" content=\"de_DE\" \/>\n<meta property=\"og:type\" content=\"article\" \/>\n<meta property=\"og:title\" content=\"Sichere Bezahlung - Kaian Z\u00fcrich Jewellery\" \/>\n<meta property=\"og:description\" content=\"Alle Kundendaten werden streng vertraulich behandelt und Kaian Z\u00fcri verpflichtet sich, die ethischen Regeln der ASVPC sowie die geltenden Gesetze, insbesondere im Hinblick auf den Datenschutz, einzuhalten. Wir verwenden Ihre Daten nur zur ordnungsgem\u00e4\u00dfen Abwicklung Ihrer Bestellung. Die bei der Registrierung angegebene E-Mail-Adresse wird nur verwendet, um Sie \u00fcber unsere neuen Verk\u00e4ufe zu informieren. Sie [&hellip;]\" \/>\n<meta property=\"og:url\" content=\"https:\/\/kaian.ch\/de\/sichere-bezahlung\/\" \/>\n<meta property=\"og:site_name\" content=\"Kaian Z\u00fcrich Jewellery\" \/>\n<meta property=\"article:modified_time\" content=\"2021-08-08T21:52:51+00:00\" \/>\n<meta name=\"twitter:card\" content=\"summary_large_image\" \/>\n<meta name=\"twitter:label1\" content=\"Gesch\u00e4tzte Lesezeit\" \/>\n\t<meta name=\"twitter:data1\" content=\"1\u00a0Minute\" \/>\n<script type=\"application\/ld+json\" class=\"yoast-schema-graph\">{\"@context\":\"https:\/\/schema.org\",\"@graph\":[{\"@type\":\"WebPage\",\"@id\":\"https:\/\/kaian.ch\/de\/sichere-bezahlung\/\",\"url\":\"https:\/\/kaian.ch\/de\/sichere-bezahlung\/\",\"name\":\"Sichere Bezahlung - Kaian Z\u00fcrich Jewellery\",\"isPartOf\":{\"@id\":\"https:\/\/kaian.ch\/#website\"},\"datePublished\":\"2021-07-14T14:38:41+00:00\",\"dateModified\":\"2021-08-08T21:52:51+00:00\",\"breadcrumb\":{\"@id\":\"https:\/\/kaian.ch\/de\/sichere-bezahlung\/#breadcrumb\"},\"inLanguage\":\"de\",\"potentialAction\":[{\"@type\":\"ReadAction\",\"target\":[\"https:\/\/kaian.ch\/de\/sichere-bezahlung\/\"]}]},{\"@type\":\"BreadcrumbList\",\"@id\":\"https:\/\/kaian.ch\/de\/sichere-bezahlung\/#breadcrumb\",\"itemListElement\":[{\"@type\":\"ListItem\",\"position\":1,\"name\":\"Home\",\"item\":\"https:\/\/kaian.ch\/de\/\"},{\"@type\":\"ListItem\",\"position\":2,\"name\":\"Sichere Bezahlung\"}]},{\"@type\":\"WebSite\",\"@id\":\"https:\/\/kaian.ch\/#website\",\"url\":\"https:\/\/kaian.ch\/\",\"name\":\"Kaian Z\u00fcrich Jewellery\",\"description\":\"\",\"publisher\":{\"@id\":\"https:\/\/kaian.ch\/#organization\"},\"potentialAction\":[{\"@type\":\"SearchAction\",\"target\":{\"@type\":\"EntryPoint\",\"urlTemplate\":\"https:\/\/kaian.ch\/?s={search_term_string}\"},\"query-input\":\"required name=search_term_string\"}],\"inLanguage\":\"de\"},{\"@type\":\"Organization\",\"@id\":\"https:\/\/kaian.ch\/#organization\",\"name\":\"Kaian Z\u00fcrich Jewellery\",\"url\":\"https:\/\/kaian.ch\/\",\"logo\":{\"@type\":\"ImageObject\",\"inLanguage\":\"de\",\"@id\":\"https:\/\/kaian.ch\/#\/schema\/logo\/image\/\",\"url\":\"https:\/\/i2.wp.com\/kaian.ch\/wp-content\/uploads\/2021\/07\/logo.png?fit=1243%2C876&ssl=1\",\"contentUrl\":\"https:\/\/i2.wp.com\/kaian.ch\/wp-content\/uploads\/2021\/07\/logo.png?fit=1243%2C876&ssl=1\",\"width\":1243,\"height\":876,\"caption\":\"Kaian Z\u00fcrich Jewellery\"},\"image\":{\"@id\":\"https:\/\/kaian.ch\/#\/schema\/logo\/image\/\"},\"sameAs\":[\"https:\/\/www.instagram.com\/kaianjewels\/\"]}]}<\/script>\n<!-- \/ Yoast SEO plugin. -->","yoast_head_json":{"title":"Sichere Bezahlung - Kaian Z\u00fcrich Jewellery","robots":{"index":"index","follow":"follow","max-snippet":"max-snippet:-1","max-image-preview":"max-image-preview:large","max-video-preview":"max-video-preview:-1"},"canonical":"https:\/\/kaian.ch\/de\/sichere-bezahlung\/","og_locale":"de_DE","og_type":"article","og_title":"Sichere Bezahlung - Kaian Z\u00fcrich Jewellery","og_description":"Alle Kundendaten werden streng vertraulich behandelt und Kaian Z\u00fcri verpflichtet sich, die ethischen Regeln der ASVPC sowie die geltenden Gesetze, insbesondere im Hinblick auf den Datenschutz, einzuhalten. Wir verwenden Ihre Daten nur zur ordnungsgem\u00e4\u00dfen Abwicklung Ihrer Bestellung. Die bei der Registrierung angegebene E-Mail-Adresse wird nur verwendet, um Sie \u00fcber unsere neuen Verk\u00e4ufe zu informieren. Sie [&hellip;]","og_url":"https:\/\/kaian.ch\/de\/sichere-bezahlung\/","og_site_name":"Kaian Z\u00fcrich Jewellery","article_modified_time":"2021-08-08T21:52:51+00:00","twitter_card":"summary_large_image","twitter_misc":{"Gesch\u00e4tzte Lesezeit":"1\u00a0Minute"},"schema":{"@context":"https:\/\/schema.org","@graph":[{"@type":"WebPage","@id":"https:\/\/kaian.ch\/de\/sichere-bezahlung\/","url":"https:\/\/kaian.ch\/de\/sichere-bezahlung\/","name":"Sichere Bezahlung - Kaian Z\u00fcrich Jewellery","isPartOf":{"@id":"https:\/\/kaian.ch\/#website"},"datePublished":"2021-07-14T14:38:41+00:00","dateModified":"2021-08-08T21:52:51+00:00","breadcrumb":{"@id":"https:\/\/kaian.ch\/de\/sichere-bezahlung\/#breadcrumb"},"inLanguage":"de","potentialAction":[{"@type":"ReadAction","target":["https:\/\/kaian.ch\/de\/sichere-bezahlung\/"]}]},{"@type":"BreadcrumbList","@id":"https:\/\/kaian.ch\/de\/sichere-bezahlung\/#breadcrumb","itemListElement":[{"@type":"ListItem","position":1,"name":"Home","item":"https:\/\/kaian.ch\/de\/"},{"@type":"ListItem","position":2,"name":"Sichere Bezahlung"}]},{"@type":"WebSite","@id":"https:\/\/kaian.ch\/#website","url":"https:\/\/kaian.ch\/","name":"Kaian Z\u00fcrich Jewellery","description":"","publisher":{"@id":"https:\/\/kaian.ch\/#organization"},"potentialAction":[{"@type":"SearchAction","target":{"@type":"EntryPoint","urlTemplate":"https:\/\/kaian.ch\/?s={search_term_string}"},"query-input":"required name=search_term_string"}],"inLanguage":"de"},{"@type":"Organization","@id":"https:\/\/kaian.ch\/#organization","name":"Kaian Z\u00fcrich Jewellery","url":"https:\/\/kaian.ch\/","logo":{"@type":"ImageObject","inLanguage":"de","@id":"https:\/\/kaian.ch\/#\/schema\/logo\/image\/","url":"https:\/\/i2.wp.com\/kaian.ch\/wp-content\/uploads\/2021\/07\/logo.png?fit=1243%2C876&ssl=1","contentUrl":"https:\/\/i2.wp.com\/kaian.ch\/wp-content\/uploads\/2021\/07\/logo.png?fit=1243%2C876&ssl=1","width":1243,"height":876,"caption":"Kaian Z\u00fcrich Jewellery"},"image":{"@id":"https:\/\/kaian.ch\/#\/schema\/logo\/image\/"},"sameAs":["https:\/\/www.instagram.com\/kaianjewels\/"]}]}},"_links":{"self":[{"href":"https:\/\/kaian.ch\/de\/wp-json\/wp\/v2\/pages\/2265"}],"collection":[{"href":"https:\/\/kaian.ch\/de\/wp-json\/wp\/v2\/pages"}],"about":[{"href":"https:\/\/kaian.ch\/de\/wp-json\/wp\/v2\/types\/page"}],"author":[{"embeddable":true,"href":"https:\/\/kaian.ch\/de\/wp-json\/wp\/v2\/users\/1"}],"replies":[{"embeddable":true,"href":"https:\/\/kaian.ch\/de\/wp-json\/wp\/v2\/comments?post=2265"}],"version-history":[{"count":3,"href":"https:\/\/kaian.ch\/de\/wp-json\/wp\/v2\/pages\/2265\/revisions"}],"predecessor-version":[{"id":2705,"href":"https:\/\/kaian.ch\/de\/wp-json\/wp\/v2\/pages\/2265\/revisions\/2705"}],"wp:attachment":[{"href":"https:\/\/kaian.ch\/de\/wp-json\/wp\/v2\/media?parent=2265"}],"curies":[{"name":"wp","href":"https:\/\/api.w.org\/{rel}","templated":true}]}}