{"id":2690,"date":"2021-08-08T23:42:47","date_gmt":"2021-08-08T21:42:47","guid":{"rendered":"https:\/\/kaian.ch\/?page_id=2690"},"modified":"2021-08-08T23:49:32","modified_gmt":"2021-08-08T21:49:32","slug":"unser-versprechen","status":"publish","type":"page","link":"https:\/\/kaian.ch\/de\/unser-versprechen\/","title":{"rendered":"Unser Versprechen"},"content":{"rendered":"\n<p>Sie k\u00f6nnen jeden Artikel innerhalb von 14 Tagen zur\u00fccksenden und wir erstatten Ihnen den vollen Kaufpreis. Um ein Schmuckst\u00fcck an uns zur\u00fcckzusenden, rufen Sie uns einfach an oder senden Sie uns eine E-Mail. Die R\u00fccksendung organisieren wir gemeinsam mit Ihnen unkompliziert.<\/p>\n","protected":false},"excerpt":{"rendered":"<p>Sie k\u00f6nnen jeden Artikel innerhalb von 14 Tagen zur\u00fccksenden und wir erstatten Ihnen den vollen Kaufpreis. Um ein Schmuckst\u00fcck an uns zur\u00fcckzusenden, rufen Sie uns einfach an oder senden Sie uns eine E-Mail. Die R\u00fccksendung organisieren wir gemeinsam mit Ihnen unkompliziert.<\/p>\n","protected":false},"author":1,"featured_media":0,"parent":0,"menu_order":0,"comment_status":"closed","ping_status":"closed","template":"page-templates\/narrow-width.php","meta":[],"yoast_head":"<!-- This site is optimized with the Yoast SEO plugin v21.1 - https:\/\/yoast.com\/wordpress\/plugins\/seo\/ -->\n<title>Unser Versprechen - Kaian Z\u00fcrich Jewellery<\/title>\n<meta name=\"robots\" content=\"index, follow, max-snippet:-1, max-image-preview:large, max-video-preview:-1\" \/>\n<link rel=\"canonical\" href=\"https:\/\/kaian.ch\/de\/unser-versprechen\/\" \/>\n<meta property=\"og:locale\" content=\"de_DE\" \/>\n<meta property=\"og:type\" content=\"article\" \/>\n<meta property=\"og:title\" content=\"Unser Versprechen - Kaian Z\u00fcrich Jewellery\" \/>\n<meta property=\"og:description\" content=\"Sie k\u00f6nnen jeden Artikel innerhalb von 14 Tagen zur\u00fccksenden und wir erstatten Ihnen den vollen Kaufpreis. Um ein Schmuckst\u00fcck an uns zur\u00fcckzusenden, rufen Sie uns einfach an oder senden Sie uns eine E-Mail. Die R\u00fccksendung organisieren wir gemeinsam mit Ihnen unkompliziert.\" \/>\n<meta property=\"og:url\" content=\"https:\/\/kaian.ch\/de\/unser-versprechen\/\" \/>\n<meta property=\"og:site_name\" content=\"Kaian Z\u00fcrich Jewellery\" \/>\n<meta property=\"article:modified_time\" content=\"2021-08-08T21:49:32+00:00\" \/>\n<meta name=\"twitter:card\" content=\"summary_large_image\" \/>\n<meta name=\"twitter:label1\" content=\"Gesch\u00e4tzte Lesezeit\" \/>\n\t<meta name=\"twitter:data1\" content=\"1\u00a0Minute\" \/>\n<script type=\"application\/ld+json\" class=\"yoast-schema-graph\">{\"@context\":\"https:\/\/schema.org\",\"@graph\":[{\"@type\":\"WebPage\",\"@id\":\"https:\/\/kaian.ch\/de\/unser-versprechen\/\",\"url\":\"https:\/\/kaian.ch\/de\/unser-versprechen\/\",\"name\":\"Unser Versprechen - Kaian Z\u00fcrich Jewellery\",\"isPartOf\":{\"@id\":\"https:\/\/kaian.ch\/#website\"},\"datePublished\":\"2021-08-08T21:42:47+00:00\",\"dateModified\":\"2021-08-08T21:49:32+00:00\",\"breadcrumb\":{\"@id\":\"https:\/\/kaian.ch\/de\/unser-versprechen\/#breadcrumb\"},\"inLanguage\":\"de\",\"potentialAction\":[{\"@type\":\"ReadAction\",\"target\":[\"https:\/\/kaian.ch\/de\/unser-versprechen\/\"]}]},{\"@type\":\"BreadcrumbList\",\"@id\":\"https:\/\/kaian.ch\/de\/unser-versprechen\/#breadcrumb\",\"itemListElement\":[{\"@type\":\"ListItem\",\"position\":1,\"name\":\"Home\",\"item\":\"https:\/\/kaian.ch\/de\/\"},{\"@type\":\"ListItem\",\"position\":2,\"name\":\"Unser Versprechen\"}]},{\"@type\":\"WebSite\",\"@id\":\"https:\/\/kaian.ch\/#website\",\"url\":\"https:\/\/kaian.ch\/\",\"name\":\"Kaian Z\u00fcrich Jewellery\",\"description\":\"\",\"publisher\":{\"@id\":\"https:\/\/kaian.ch\/#organization\"},\"potentialAction\":[{\"@type\":\"SearchAction\",\"target\":{\"@type\":\"EntryPoint\",\"urlTemplate\":\"https:\/\/kaian.ch\/?s={search_term_string}\"},\"query-input\":\"required name=search_term_string\"}],\"inLanguage\":\"de\"},{\"@type\":\"Organization\",\"@id\":\"https:\/\/kaian.ch\/#organization\",\"name\":\"Kaian Z\u00fcrich Jewellery\",\"url\":\"https:\/\/kaian.ch\/\",\"logo\":{\"@type\":\"ImageObject\",\"inLanguage\":\"de\",\"@id\":\"https:\/\/kaian.ch\/#\/schema\/logo\/image\/\",\"url\":\"https:\/\/i2.wp.com\/kaian.ch\/wp-content\/uploads\/2021\/07\/logo.png?fit=1243%2C876&ssl=1\",\"contentUrl\":\"https:\/\/i2.wp.com\/kaian.ch\/wp-content\/uploads\/2021\/07\/logo.png?fit=1243%2C876&ssl=1\",\"width\":1243,\"height\":876,\"caption\":\"Kaian Z\u00fcrich Jewellery\"},\"image\":{\"@id\":\"https:\/\/kaian.ch\/#\/schema\/logo\/image\/\"},\"sameAs\":[\"https:\/\/www.instagram.com\/kaianjewels\/\"]}]}<\/script>\n<!-- \/ Yoast SEO plugin. -->","yoast_head_json":{"title":"Unser Versprechen - Kaian Z\u00fcrich Jewellery","robots":{"index":"index","follow":"follow","max-snippet":"max-snippet:-1","max-image-preview":"max-image-preview:large","max-video-preview":"max-video-preview:-1"},"canonical":"https:\/\/kaian.ch\/de\/unser-versprechen\/","og_locale":"de_DE","og_type":"article","og_title":"Unser Versprechen - Kaian Z\u00fcrich Jewellery","og_description":"Sie k\u00f6nnen jeden Artikel innerhalb von 14 Tagen zur\u00fccksenden und wir erstatten Ihnen den vollen Kaufpreis. Um ein Schmuckst\u00fcck an uns zur\u00fcckzusenden, rufen Sie uns einfach an oder senden Sie uns eine E-Mail. Die R\u00fccksendung organisieren wir gemeinsam mit Ihnen unkompliziert.","og_url":"https:\/\/kaian.ch\/de\/unser-versprechen\/","og_site_name":"Kaian Z\u00fcrich Jewellery","article_modified_time":"2021-08-08T21:49:32+00:00","twitter_card":"summary_large_image","twitter_misc":{"Gesch\u00e4tzte Lesezeit":"1\u00a0Minute"},"schema":{"@context":"https:\/\/schema.org","@graph":[{"@type":"WebPage","@id":"https:\/\/kaian.ch\/de\/unser-versprechen\/","url":"https:\/\/kaian.ch\/de\/unser-versprechen\/","name":"Unser Versprechen - Kaian Z\u00fcrich Jewellery","isPartOf":{"@id":"https:\/\/kaian.ch\/#website"},"datePublished":"2021-08-08T21:42:47+00:00","dateModified":"2021-08-08T21:49:32+00:00","breadcrumb":{"@id":"https:\/\/kaian.ch\/de\/unser-versprechen\/#breadcrumb"},"inLanguage":"de","potentialAction":[{"@type":"ReadAction","target":["https:\/\/kaian.ch\/de\/unser-versprechen\/"]}]},{"@type":"BreadcrumbList","@id":"https:\/\/kaian.ch\/de\/unser-versprechen\/#breadcrumb","itemListElement":[{"@type":"ListItem","position":1,"name":"Home","item":"https:\/\/kaian.ch\/de\/"},{"@type":"ListItem","position":2,"name":"Unser Versprechen"}]},{"@type":"WebSite","@id":"https:\/\/kaian.ch\/#website","url":"https:\/\/kaian.ch\/","name":"Kaian Z\u00fcrich Jewellery","description":"","publisher":{"@id":"https:\/\/kaian.ch\/#organization"},"potentialAction":[{"@type":"SearchAction","target":{"@type":"EntryPoint","urlTemplate":"https:\/\/kaian.ch\/?s={search_term_string}"},"query-input":"required name=search_term_string"}],"inLanguage":"de"},{"@type":"Organization","@id":"https:\/\/kaian.ch\/#organization","name":"Kaian Z\u00fcrich Jewellery","url":"https:\/\/kaian.ch\/","logo":{"@type":"ImageObject","inLanguage":"de","@id":"https:\/\/kaian.ch\/#\/schema\/logo\/image\/","url":"https:\/\/i2.wp.com\/kaian.ch\/wp-content\/uploads\/2021\/07\/logo.png?fit=1243%2C876&ssl=1","contentUrl":"https:\/\/i2.wp.com\/kaian.ch\/wp-content\/uploads\/2021\/07\/logo.png?fit=1243%2C876&ssl=1","width":1243,"height":876,"caption":"Kaian Z\u00fcrich Jewellery"},"image":{"@id":"https:\/\/kaian.ch\/#\/schema\/logo\/image\/"},"sameAs":["https:\/\/www.instagram.com\/kaianjewels\/"]}]}},"_links":{"self":[{"href":"https:\/\/kaian.ch\/de\/wp-json\/wp\/v2\/pages\/2690"}],"collection":[{"href":"https:\/\/kaian.ch\/de\/wp-json\/wp\/v2\/pages"}],"about":[{"href":"https:\/\/kaian.ch\/de\/wp-json\/wp\/v2\/types\/page"}],"author":[{"embeddable":true,"href":"https:\/\/kaian.ch\/de\/wp-json\/wp\/v2\/users\/1"}],"replies":[{"embeddable":true,"href":"https:\/\/kaian.ch\/de\/wp-json\/wp\/v2\/comments?post=2690"}],"version-history":[{"count":2,"href":"https:\/\/kaian.ch\/de\/wp-json\/wp\/v2\/pages\/2690\/revisions"}],"predecessor-version":[{"id":2701,"href":"https:\/\/kaian.ch\/de\/wp-json\/wp\/v2\/pages\/2690\/revisions\/2701"}],"wp:attachment":[{"href":"https:\/\/kaian.ch\/de\/wp-json\/wp\/v2\/media?parent=2690"}],"curies":[{"name":"wp","href":"https:\/\/api.w.org\/{rel}","templated":true}]}}