{"id":2458,"date":"2021-07-11T14:43:16","date_gmt":"2021-07-16T07:40:30","guid":{"rendered":"https:\/\/kaian.ch\/?post_type=product&#038;p=2458"},"modified":"2021-07-16T09:41:55","modified_gmt":"2021-07-16T07:41:55","slug":"18k-goldring","status":"publish","type":"product","link":"https:\/\/kaian.ch\/de\/product\/18k-goldring\/","title":{"rendered":"18K Goldring"},"content":{"rendered":"<p>Gestempelt 750<br \/>\nGr\u00f6\u00dfe: 1,6 cm<br \/>\nGewicht: 16,2 g<br \/>\nMaterial: 18 Karat Gold<\/p>\n","protected":false},"excerpt":{"rendered":"<p>Gestempelt 750<br \/>\nGr\u00f6\u00dfe: 1,6 cm<br \/>\nGewicht: 16,2 g<br \/>\nMaterial: 18 Karat Gold<\/p>\n","protected":false},"featured_media":857,"template":"","meta":[],"product_cat":[107,108,104],"product_tag":[],"yoast_head":"<!-- This site is optimized with the Yoast SEO plugin v21.1 - https:\/\/yoast.com\/wordpress\/plugins\/seo\/ -->\n<title>18K Goldring - Kaian Z\u00fcrich Jewellery<\/title>\n<meta name=\"robots\" content=\"index, follow, max-snippet:-1, max-image-preview:large, max-video-preview:-1\" \/>\n<link rel=\"canonical\" href=\"https:\/\/kaian.ch\/de\/product\/18k-goldring\/\" \/>\n<meta property=\"og:locale\" content=\"de_DE\" \/>\n<meta property=\"og:type\" content=\"article\" \/>\n<meta property=\"og:title\" content=\"18K Goldring - Kaian Z\u00fcrich Jewellery\" \/>\n<meta property=\"og:description\" content=\"Gestempelt 750 Gr\u00f6\u00dfe: 1,6 cm Gewicht: 16,2 g Material: 18 Karat Gold\" \/>\n<meta property=\"og:url\" content=\"https:\/\/kaian.ch\/de\/product\/18k-goldring\/\" \/>\n<meta property=\"og:site_name\" content=\"Kaian Z\u00fcrich Jewellery\" \/>\n<meta property=\"article:modified_time\" content=\"2021-07-16T07:41:55+00:00\" \/>\n<meta property=\"og:image\" content=\"https:\/\/kaian.ch\/wp-content\/uploads\/2021\/07\/L1120261-scaled.jpg\" \/>\n\t<meta property=\"og:image:width\" content=\"2560\" \/>\n\t<meta property=\"og:image:height\" content=\"1707\" \/>\n\t<meta property=\"og:image:type\" content=\"image\/jpeg\" \/>\n<meta name=\"twitter:card\" content=\"summary_large_image\" \/>\n<script type=\"application\/ld+json\" class=\"yoast-schema-graph\">{\"@context\":\"https:\/\/schema.org\",\"@graph\":[{\"@type\":\"WebPage\",\"@id\":\"https:\/\/kaian.ch\/de\/product\/18k-goldring\/\",\"url\":\"https:\/\/kaian.ch\/de\/product\/18k-goldring\/\",\"name\":\"18K Goldring - Kaian Z\u00fcrich Jewellery\",\"isPartOf\":{\"@id\":\"https:\/\/kaian.ch\/#website\"},\"datePublished\":\"2021-07-16T07:40:30+00:00\",\"dateModified\":\"2021-07-16T07:41:55+00:00\",\"breadcrumb\":{\"@id\":\"https:\/\/kaian.ch\/de\/product\/18k-goldring\/#breadcrumb\"},\"inLanguage\":\"de\",\"potentialAction\":[{\"@type\":\"ReadAction\",\"target\":[\"https:\/\/kaian.ch\/de\/product\/18k-goldring\/\"]}]},{\"@type\":\"BreadcrumbList\",\"@id\":\"https:\/\/kaian.ch\/de\/product\/18k-goldring\/#breadcrumb\",\"itemListElement\":[{\"@type\":\"ListItem\",\"position\":1,\"name\":\"Home\",\"item\":\"https:\/\/kaian.ch\/de\/\"},{\"@type\":\"ListItem\",\"position\":2,\"name\":\"All Products\",\"item\":\"https:\/\/kaian.ch\/all-products\/\"},{\"@type\":\"ListItem\",\"position\":3,\"name\":\"18K Goldring\"}]},{\"@type\":\"WebSite\",\"@id\":\"https:\/\/kaian.ch\/#website\",\"url\":\"https:\/\/kaian.ch\/\",\"name\":\"Kaian Z\u00fcrich Jewellery\",\"description\":\"\",\"publisher\":{\"@id\":\"https:\/\/kaian.ch\/#organization\"},\"potentialAction\":[{\"@type\":\"SearchAction\",\"target\":{\"@type\":\"EntryPoint\",\"urlTemplate\":\"https:\/\/kaian.ch\/?s={search_term_string}\"},\"query-input\":\"required name=search_term_string\"}],\"inLanguage\":\"de\"},{\"@type\":\"Organization\",\"@id\":\"https:\/\/kaian.ch\/#organization\",\"name\":\"Kaian Z\u00fcrich Jewellery\",\"url\":\"https:\/\/kaian.ch\/\",\"logo\":{\"@type\":\"ImageObject\",\"inLanguage\":\"de\",\"@id\":\"https:\/\/kaian.ch\/#\/schema\/logo\/image\/\",\"url\":\"https:\/\/i2.wp.com\/kaian.ch\/wp-content\/uploads\/2021\/07\/logo.png?fit=1243%2C876&ssl=1\",\"contentUrl\":\"https:\/\/i2.wp.com\/kaian.ch\/wp-content\/uploads\/2021\/07\/logo.png?fit=1243%2C876&ssl=1\",\"width\":1243,\"height\":876,\"caption\":\"Kaian Z\u00fcrich Jewellery\"},\"image\":{\"@id\":\"https:\/\/kaian.ch\/#\/schema\/logo\/image\/\"},\"sameAs\":[\"https:\/\/www.instagram.com\/kaianjewels\/\"]}]}<\/script>\n<!-- \/ Yoast SEO plugin. -->","yoast_head_json":{"title":"18K Goldring - Kaian Z\u00fcrich Jewellery","robots":{"index":"index","follow":"follow","max-snippet":"max-snippet:-1","max-image-preview":"max-image-preview:large","max-video-preview":"max-video-preview:-1"},"canonical":"https:\/\/kaian.ch\/de\/product\/18k-goldring\/","og_locale":"de_DE","og_type":"article","og_title":"18K Goldring - Kaian Z\u00fcrich Jewellery","og_description":"Gestempelt 750 Gr\u00f6\u00dfe: 1,6 cm Gewicht: 16,2 g Material: 18 Karat Gold","og_url":"https:\/\/kaian.ch\/de\/product\/18k-goldring\/","og_site_name":"Kaian Z\u00fcrich Jewellery","article_modified_time":"2021-07-16T07:41:55+00:00","og_image":[{"width":2560,"height":1707,"url":"https:\/\/kaian.ch\/wp-content\/uploads\/2021\/07\/L1120261-scaled.jpg","type":"image\/jpeg"}],"twitter_card":"summary_large_image","schema":{"@context":"https:\/\/schema.org","@graph":[{"@type":"WebPage","@id":"https:\/\/kaian.ch\/de\/product\/18k-goldring\/","url":"https:\/\/kaian.ch\/de\/product\/18k-goldring\/","name":"18K Goldring - Kaian Z\u00fcrich Jewellery","isPartOf":{"@id":"https:\/\/kaian.ch\/#website"},"datePublished":"2021-07-16T07:40:30+00:00","dateModified":"2021-07-16T07:41:55+00:00","breadcrumb":{"@id":"https:\/\/kaian.ch\/de\/product\/18k-goldring\/#breadcrumb"},"inLanguage":"de","potentialAction":[{"@type":"ReadAction","target":["https:\/\/kaian.ch\/de\/product\/18k-goldring\/"]}]},{"@type":"BreadcrumbList","@id":"https:\/\/kaian.ch\/de\/product\/18k-goldring\/#breadcrumb","itemListElement":[{"@type":"ListItem","position":1,"name":"Home","item":"https:\/\/kaian.ch\/de\/"},{"@type":"ListItem","position":2,"name":"All Products","item":"https:\/\/kaian.ch\/all-products\/"},{"@type":"ListItem","position":3,"name":"18K Goldring"}]},{"@type":"WebSite","@id":"https:\/\/kaian.ch\/#website","url":"https:\/\/kaian.ch\/","name":"Kaian Z\u00fcrich Jewellery","description":"","publisher":{"@id":"https:\/\/kaian.ch\/#organization"},"potentialAction":[{"@type":"SearchAction","target":{"@type":"EntryPoint","urlTemplate":"https:\/\/kaian.ch\/?s={search_term_string}"},"query-input":"required name=search_term_string"}],"inLanguage":"de"},{"@type":"Organization","@id":"https:\/\/kaian.ch\/#organization","name":"Kaian Z\u00fcrich Jewellery","url":"https:\/\/kaian.ch\/","logo":{"@type":"ImageObject","inLanguage":"de","@id":"https:\/\/kaian.ch\/#\/schema\/logo\/image\/","url":"https:\/\/i2.wp.com\/kaian.ch\/wp-content\/uploads\/2021\/07\/logo.png?fit=1243%2C876&ssl=1","contentUrl":"https:\/\/i2.wp.com\/kaian.ch\/wp-content\/uploads\/2021\/07\/logo.png?fit=1243%2C876&ssl=1","width":1243,"height":876,"caption":"Kaian Z\u00fcrich Jewellery"},"image":{"@id":"https:\/\/kaian.ch\/#\/schema\/logo\/image\/"},"sameAs":["https:\/\/www.instagram.com\/kaianjewels\/"]}]}},"_links":{"self":[{"href":"https:\/\/kaian.ch\/de\/wp-json\/wp\/v2\/product\/2458"}],"collection":[{"href":"https:\/\/kaian.ch\/de\/wp-json\/wp\/v2\/product"}],"about":[{"href":"https:\/\/kaian.ch\/de\/wp-json\/wp\/v2\/types\/product"}],"wp:featuredmedia":[{"embeddable":true,"href":"https:\/\/kaian.ch\/de\/wp-json\/wp\/v2\/media\/857"}],"wp:attachment":[{"href":"https:\/\/kaian.ch\/de\/wp-json\/wp\/v2\/media?parent=2458"}],"wp:term":[{"taxonomy":"product_cat","embeddable":true,"href":"https:\/\/kaian.ch\/de\/wp-json\/wp\/v2\/product_cat?post=2458"},{"taxonomy":"product_tag","embeddable":true,"href":"https:\/\/kaian.ch\/de\/wp-json\/wp\/v2\/product_tag?post=2458"}],"curies":[{"name":"wp","href":"https:\/\/api.w.org\/{rel}","templated":true}]}}