{"id":2533,"date":"2021-07-11T13:55:21","date_gmt":"2021-08-03T13:14:22","guid":{"rendered":"https:\/\/kaian.ch\/?post_type=product&#038;p=2533"},"modified":"2021-08-03T15:14:22","modified_gmt":"2021-08-03T13:14:22","slug":"18k-gold-armband-mit-diamanten-und-smaragd","status":"publish","type":"product","link":"https:\/\/kaian.ch\/de\/product\/18k-gold-armband-mit-diamanten-und-smaragd\/","title":{"rendered":"18k Gold Armband mit Diamanten und Smaragd"},"content":{"rendered":"<p>Gestempelt 750<br \/>\n10 Diamanten X 0.2cm<br \/>\nGr\u00f6\u00dfe: L19.5cm<br \/>\nGewicht: 12,5 g<br \/>\nMaterial: 18 Karat Gold<\/p>\n","protected":false},"excerpt":{"rendered":"<p>Gestempelt 750<br \/>\n10 Diamanten X 0.2cm<br \/>\nGr\u00f6\u00dfe: L19.5cm<br \/>\nGewicht: 12,5 g<br \/>\nMaterial: 18 Karat Gold<\/p>\n","protected":false},"featured_media":2534,"template":"","meta":[],"product_cat":[102],"product_tag":[],"yoast_head":"<!-- This site is optimized with the Yoast SEO plugin v21.1 - https:\/\/yoast.com\/wordpress\/plugins\/seo\/ -->\n<title>18k Gold Armband mit Diamanten und Smaragd - Kaian Z\u00fcrich Jewellery<\/title>\n<meta name=\"robots\" content=\"index, follow, max-snippet:-1, max-image-preview:large, max-video-preview:-1\" \/>\n<link rel=\"canonical\" href=\"https:\/\/kaian.ch\/de\/product\/18k-gold-armband-mit-diamanten-und-smaragd\/\" \/>\n<meta property=\"og:locale\" content=\"de_DE\" \/>\n<meta property=\"og:type\" content=\"article\" \/>\n<meta property=\"og:title\" content=\"18k Gold Armband mit Diamanten und Smaragd - Kaian Z\u00fcrich Jewellery\" \/>\n<meta property=\"og:description\" content=\"Gestempelt 750 10 Diamanten X 0.2cm Gr\u00f6\u00dfe: L19.5cm Gewicht: 12,5 g Material: 18 Karat Gold\" \/>\n<meta property=\"og:url\" content=\"https:\/\/kaian.ch\/de\/product\/18k-gold-armband-mit-diamanten-und-smaragd\/\" \/>\n<meta property=\"og:site_name\" content=\"Kaian Z\u00fcrich Jewellery\" \/>\n<meta property=\"og:image\" content=\"https:\/\/kaian.ch\/wp-content\/uploads\/2021\/07\/image-6.jpeg\" \/>\n\t<meta property=\"og:image:width\" content=\"1800\" \/>\n\t<meta property=\"og:image:height\" content=\"1200\" \/>\n\t<meta property=\"og:image:type\" content=\"image\/jpeg\" \/>\n<meta name=\"twitter:card\" content=\"summary_large_image\" \/>\n<script type=\"application\/ld+json\" class=\"yoast-schema-graph\">{\"@context\":\"https:\/\/schema.org\",\"@graph\":[{\"@type\":\"WebPage\",\"@id\":\"https:\/\/kaian.ch\/de\/product\/18k-gold-armband-mit-diamanten-und-smaragd\/\",\"url\":\"https:\/\/kaian.ch\/de\/product\/18k-gold-armband-mit-diamanten-und-smaragd\/\",\"name\":\"18k Gold Armband mit Diamanten und Smaragd - Kaian Z\u00fcrich Jewellery\",\"isPartOf\":{\"@id\":\"https:\/\/kaian.ch\/#website\"},\"datePublished\":\"2021-08-03T13:14:22+00:00\",\"dateModified\":\"2021-08-03T13:14:22+00:00\",\"breadcrumb\":{\"@id\":\"https:\/\/kaian.ch\/de\/product\/18k-gold-armband-mit-diamanten-und-smaragd\/#breadcrumb\"},\"inLanguage\":\"de\",\"potentialAction\":[{\"@type\":\"ReadAction\",\"target\":[\"https:\/\/kaian.ch\/de\/product\/18k-gold-armband-mit-diamanten-und-smaragd\/\"]}]},{\"@type\":\"BreadcrumbList\",\"@id\":\"https:\/\/kaian.ch\/de\/product\/18k-gold-armband-mit-diamanten-und-smaragd\/#breadcrumb\",\"itemListElement\":[{\"@type\":\"ListItem\",\"position\":1,\"name\":\"Home\",\"item\":\"https:\/\/kaian.ch\/de\/\"},{\"@type\":\"ListItem\",\"position\":2,\"name\":\"All Products\",\"item\":\"https:\/\/kaian.ch\/all-products\/\"},{\"@type\":\"ListItem\",\"position\":3,\"name\":\"18k Gold Armband mit Diamanten und Smaragd\"}]},{\"@type\":\"WebSite\",\"@id\":\"https:\/\/kaian.ch\/#website\",\"url\":\"https:\/\/kaian.ch\/\",\"name\":\"Kaian Z\u00fcrich Jewellery\",\"description\":\"\",\"publisher\":{\"@id\":\"https:\/\/kaian.ch\/#organization\"},\"potentialAction\":[{\"@type\":\"SearchAction\",\"target\":{\"@type\":\"EntryPoint\",\"urlTemplate\":\"https:\/\/kaian.ch\/?s={search_term_string}\"},\"query-input\":\"required name=search_term_string\"}],\"inLanguage\":\"de\"},{\"@type\":\"Organization\",\"@id\":\"https:\/\/kaian.ch\/#organization\",\"name\":\"Kaian Z\u00fcrich Jewellery\",\"url\":\"https:\/\/kaian.ch\/\",\"logo\":{\"@type\":\"ImageObject\",\"inLanguage\":\"de\",\"@id\":\"https:\/\/kaian.ch\/#\/schema\/logo\/image\/\",\"url\":\"https:\/\/i2.wp.com\/kaian.ch\/wp-content\/uploads\/2021\/07\/logo.png?fit=1243%2C876&ssl=1\",\"contentUrl\":\"https:\/\/i2.wp.com\/kaian.ch\/wp-content\/uploads\/2021\/07\/logo.png?fit=1243%2C876&ssl=1\",\"width\":1243,\"height\":876,\"caption\":\"Kaian Z\u00fcrich Jewellery\"},\"image\":{\"@id\":\"https:\/\/kaian.ch\/#\/schema\/logo\/image\/\"},\"sameAs\":[\"https:\/\/www.instagram.com\/kaianjewels\/\"]}]}<\/script>\n<!-- \/ Yoast SEO plugin. -->","yoast_head_json":{"title":"18k Gold Armband mit Diamanten und Smaragd - Kaian Z\u00fcrich Jewellery","robots":{"index":"index","follow":"follow","max-snippet":"max-snippet:-1","max-image-preview":"max-image-preview:large","max-video-preview":"max-video-preview:-1"},"canonical":"https:\/\/kaian.ch\/de\/product\/18k-gold-armband-mit-diamanten-und-smaragd\/","og_locale":"de_DE","og_type":"article","og_title":"18k Gold Armband mit Diamanten und Smaragd - Kaian Z\u00fcrich Jewellery","og_description":"Gestempelt 750 10 Diamanten X 0.2cm Gr\u00f6\u00dfe: L19.5cm Gewicht: 12,5 g Material: 18 Karat Gold","og_url":"https:\/\/kaian.ch\/de\/product\/18k-gold-armband-mit-diamanten-und-smaragd\/","og_site_name":"Kaian Z\u00fcrich Jewellery","og_image":[{"width":1800,"height":1200,"url":"https:\/\/kaian.ch\/wp-content\/uploads\/2021\/07\/image-6.jpeg","type":"image\/jpeg"}],"twitter_card":"summary_large_image","schema":{"@context":"https:\/\/schema.org","@graph":[{"@type":"WebPage","@id":"https:\/\/kaian.ch\/de\/product\/18k-gold-armband-mit-diamanten-und-smaragd\/","url":"https:\/\/kaian.ch\/de\/product\/18k-gold-armband-mit-diamanten-und-smaragd\/","name":"18k Gold Armband mit Diamanten und Smaragd - Kaian Z\u00fcrich Jewellery","isPartOf":{"@id":"https:\/\/kaian.ch\/#website"},"datePublished":"2021-08-03T13:14:22+00:00","dateModified":"2021-08-03T13:14:22+00:00","breadcrumb":{"@id":"https:\/\/kaian.ch\/de\/product\/18k-gold-armband-mit-diamanten-und-smaragd\/#breadcrumb"},"inLanguage":"de","potentialAction":[{"@type":"ReadAction","target":["https:\/\/kaian.ch\/de\/product\/18k-gold-armband-mit-diamanten-und-smaragd\/"]}]},{"@type":"BreadcrumbList","@id":"https:\/\/kaian.ch\/de\/product\/18k-gold-armband-mit-diamanten-und-smaragd\/#breadcrumb","itemListElement":[{"@type":"ListItem","position":1,"name":"Home","item":"https:\/\/kaian.ch\/de\/"},{"@type":"ListItem","position":2,"name":"All Products","item":"https:\/\/kaian.ch\/all-products\/"},{"@type":"ListItem","position":3,"name":"18k Gold Armband mit Diamanten und Smaragd"}]},{"@type":"WebSite","@id":"https:\/\/kaian.ch\/#website","url":"https:\/\/kaian.ch\/","name":"Kaian Z\u00fcrich Jewellery","description":"","publisher":{"@id":"https:\/\/kaian.ch\/#organization"},"potentialAction":[{"@type":"SearchAction","target":{"@type":"EntryPoint","urlTemplate":"https:\/\/kaian.ch\/?s={search_term_string}"},"query-input":"required name=search_term_string"}],"inLanguage":"de"},{"@type":"Organization","@id":"https:\/\/kaian.ch\/#organization","name":"Kaian Z\u00fcrich Jewellery","url":"https:\/\/kaian.ch\/","logo":{"@type":"ImageObject","inLanguage":"de","@id":"https:\/\/kaian.ch\/#\/schema\/logo\/image\/","url":"https:\/\/i2.wp.com\/kaian.ch\/wp-content\/uploads\/2021\/07\/logo.png?fit=1243%2C876&ssl=1","contentUrl":"https:\/\/i2.wp.com\/kaian.ch\/wp-content\/uploads\/2021\/07\/logo.png?fit=1243%2C876&ssl=1","width":1243,"height":876,"caption":"Kaian Z\u00fcrich Jewellery"},"image":{"@id":"https:\/\/kaian.ch\/#\/schema\/logo\/image\/"},"sameAs":["https:\/\/www.instagram.com\/kaianjewels\/"]}]}},"_links":{"self":[{"href":"https:\/\/kaian.ch\/de\/wp-json\/wp\/v2\/product\/2533"}],"collection":[{"href":"https:\/\/kaian.ch\/de\/wp-json\/wp\/v2\/product"}],"about":[{"href":"https:\/\/kaian.ch\/de\/wp-json\/wp\/v2\/types\/product"}],"wp:featuredmedia":[{"embeddable":true,"href":"https:\/\/kaian.ch\/de\/wp-json\/wp\/v2\/media\/2534"}],"wp:attachment":[{"href":"https:\/\/kaian.ch\/de\/wp-json\/wp\/v2\/media?parent=2533"}],"wp:term":[{"taxonomy":"product_cat","embeddable":true,"href":"https:\/\/kaian.ch\/de\/wp-json\/wp\/v2\/product_cat?post=2533"},{"taxonomy":"product_tag","embeddable":true,"href":"https:\/\/kaian.ch\/de\/wp-json\/wp\/v2\/product_tag?post=2533"}],"curies":[{"name":"wp","href":"https:\/\/api.w.org\/{rel}","templated":true}]}}