{"id":2578,"date":"2021-07-11T11:58:23","date_gmt":"2021-08-03T14:40:05","guid":{"rendered":"https:\/\/kaian.ch\/?post_type=product&#038;p=2578"},"modified":"2021-10-05T12:15:58","modified_gmt":"2021-10-05T10:15:58","slug":"18k-gold-ring-diamanten-mit-rubin","status":"publish","type":"product","link":"https:\/\/kaian.ch\/de\/product\/18k-gold-ring-diamanten-mit-rubin\/","title":{"rendered":"18k Gold Ring Diamanten mit Rubin"},"content":{"rendered":"<p>Gestempelt 750<br \/>\n3 Rubine x 0,3 cm<br \/>\n2 Diamanten x 0.1cm<br \/>\nGr\u00f6\u00dfe: 1,7 cm<br \/>\nGewicht: 1,3 g<br \/>\nMaterial: 18 Karat Gold<\/p>\n","protected":false},"excerpt":{"rendered":"<p>Gestempelt 750<br \/>\n3 Rubine x 0,3 cm<br \/>\n2 Diamanten x 0.1cm<br \/>\nGr\u00f6\u00dfe: 1,7 cm<br \/>\nGewicht: 1,3 g<br \/>\nMaterial: 18 Karat Gold<\/p>\n","protected":false},"featured_media":1535,"template":"","meta":[],"product_cat":[107,109],"product_tag":[],"yoast_head":"<!-- This site is optimized with the Yoast SEO plugin v21.1 - https:\/\/yoast.com\/wordpress\/plugins\/seo\/ -->\n<title>18k Gold Ring Diamanten mit Rubin - Kaian Z\u00fcrich Jewellery<\/title>\n<meta name=\"robots\" content=\"index, follow, max-snippet:-1, max-image-preview:large, max-video-preview:-1\" \/>\n<link rel=\"canonical\" href=\"https:\/\/kaian.ch\/de\/product\/18k-gold-ring-diamanten-mit-rubin\/\" \/>\n<meta property=\"og:locale\" content=\"de_DE\" \/>\n<meta property=\"og:type\" content=\"article\" \/>\n<meta property=\"og:title\" content=\"18k Gold Ring Diamanten mit Rubin - Kaian Z\u00fcrich Jewellery\" \/>\n<meta property=\"og:description\" content=\"Gestempelt 750 3 Rubine x 0,3 cm 2 Diamanten x 0.1cm Gr\u00f6\u00dfe: 1,7 cm Gewicht: 1,3 g Material: 18 Karat Gold\" \/>\n<meta property=\"og:url\" content=\"https:\/\/kaian.ch\/de\/product\/18k-gold-ring-diamanten-mit-rubin\/\" \/>\n<meta property=\"og:site_name\" content=\"Kaian Z\u00fcrich Jewellery\" \/>\n<meta property=\"article:modified_time\" content=\"2021-10-05T10:15:58+00:00\" \/>\n<meta property=\"og:image\" content=\"https:\/\/kaian.ch\/wp-content\/uploads\/2016\/01\/L1120239.jpg\" \/>\n\t<meta property=\"og:image:width\" content=\"2244\" \/>\n\t<meta property=\"og:image:height\" content=\"1496\" \/>\n\t<meta property=\"og:image:type\" content=\"image\/jpeg\" \/>\n<meta name=\"twitter:card\" content=\"summary_large_image\" \/>\n<script type=\"application\/ld+json\" class=\"yoast-schema-graph\">{\"@context\":\"https:\/\/schema.org\",\"@graph\":[{\"@type\":\"WebPage\",\"@id\":\"https:\/\/kaian.ch\/de\/product\/18k-gold-ring-diamanten-mit-rubin\/\",\"url\":\"https:\/\/kaian.ch\/de\/product\/18k-gold-ring-diamanten-mit-rubin\/\",\"name\":\"18k Gold Ring Diamanten mit Rubin - Kaian Z\u00fcrich Jewellery\",\"isPartOf\":{\"@id\":\"https:\/\/kaian.ch\/#website\"},\"datePublished\":\"2021-08-03T14:40:05+00:00\",\"dateModified\":\"2021-10-05T10:15:58+00:00\",\"breadcrumb\":{\"@id\":\"https:\/\/kaian.ch\/de\/product\/18k-gold-ring-diamanten-mit-rubin\/#breadcrumb\"},\"inLanguage\":\"de\",\"potentialAction\":[{\"@type\":\"ReadAction\",\"target\":[\"https:\/\/kaian.ch\/de\/product\/18k-gold-ring-diamanten-mit-rubin\/\"]}]},{\"@type\":\"BreadcrumbList\",\"@id\":\"https:\/\/kaian.ch\/de\/product\/18k-gold-ring-diamanten-mit-rubin\/#breadcrumb\",\"itemListElement\":[{\"@type\":\"ListItem\",\"position\":1,\"name\":\"Home\",\"item\":\"https:\/\/kaian.ch\/de\/\"},{\"@type\":\"ListItem\",\"position\":2,\"name\":\"All Products\",\"item\":\"https:\/\/kaian.ch\/all-products\/\"},{\"@type\":\"ListItem\",\"position\":3,\"name\":\"18k Gold Ring Diamanten mit Rubin\"}]},{\"@type\":\"WebSite\",\"@id\":\"https:\/\/kaian.ch\/#website\",\"url\":\"https:\/\/kaian.ch\/\",\"name\":\"Kaian Z\u00fcrich Jewellery\",\"description\":\"\",\"publisher\":{\"@id\":\"https:\/\/kaian.ch\/#organization\"},\"potentialAction\":[{\"@type\":\"SearchAction\",\"target\":{\"@type\":\"EntryPoint\",\"urlTemplate\":\"https:\/\/kaian.ch\/?s={search_term_string}\"},\"query-input\":\"required name=search_term_string\"}],\"inLanguage\":\"de\"},{\"@type\":\"Organization\",\"@id\":\"https:\/\/kaian.ch\/#organization\",\"name\":\"Kaian Z\u00fcrich Jewellery\",\"url\":\"https:\/\/kaian.ch\/\",\"logo\":{\"@type\":\"ImageObject\",\"inLanguage\":\"de\",\"@id\":\"https:\/\/kaian.ch\/#\/schema\/logo\/image\/\",\"url\":\"https:\/\/i2.wp.com\/kaian.ch\/wp-content\/uploads\/2021\/07\/logo.png?fit=1243%2C876&ssl=1\",\"contentUrl\":\"https:\/\/i2.wp.com\/kaian.ch\/wp-content\/uploads\/2021\/07\/logo.png?fit=1243%2C876&ssl=1\",\"width\":1243,\"height\":876,\"caption\":\"Kaian Z\u00fcrich Jewellery\"},\"image\":{\"@id\":\"https:\/\/kaian.ch\/#\/schema\/logo\/image\/\"},\"sameAs\":[\"https:\/\/www.instagram.com\/kaianjewels\/\"]}]}<\/script>\n<!-- \/ Yoast SEO plugin. -->","yoast_head_json":{"title":"18k Gold Ring Diamanten mit Rubin - Kaian Z\u00fcrich Jewellery","robots":{"index":"index","follow":"follow","max-snippet":"max-snippet:-1","max-image-preview":"max-image-preview:large","max-video-preview":"max-video-preview:-1"},"canonical":"https:\/\/kaian.ch\/de\/product\/18k-gold-ring-diamanten-mit-rubin\/","og_locale":"de_DE","og_type":"article","og_title":"18k Gold Ring Diamanten mit Rubin - Kaian Z\u00fcrich Jewellery","og_description":"Gestempelt 750 3 Rubine x 0,3 cm 2 Diamanten x 0.1cm Gr\u00f6\u00dfe: 1,7 cm Gewicht: 1,3 g Material: 18 Karat Gold","og_url":"https:\/\/kaian.ch\/de\/product\/18k-gold-ring-diamanten-mit-rubin\/","og_site_name":"Kaian Z\u00fcrich Jewellery","article_modified_time":"2021-10-05T10:15:58+00:00","og_image":[{"width":2244,"height":1496,"url":"https:\/\/kaian.ch\/wp-content\/uploads\/2016\/01\/L1120239.jpg","type":"image\/jpeg"}],"twitter_card":"summary_large_image","schema":{"@context":"https:\/\/schema.org","@graph":[{"@type":"WebPage","@id":"https:\/\/kaian.ch\/de\/product\/18k-gold-ring-diamanten-mit-rubin\/","url":"https:\/\/kaian.ch\/de\/product\/18k-gold-ring-diamanten-mit-rubin\/","name":"18k Gold Ring Diamanten mit Rubin - Kaian Z\u00fcrich Jewellery","isPartOf":{"@id":"https:\/\/kaian.ch\/#website"},"datePublished":"2021-08-03T14:40:05+00:00","dateModified":"2021-10-05T10:15:58+00:00","breadcrumb":{"@id":"https:\/\/kaian.ch\/de\/product\/18k-gold-ring-diamanten-mit-rubin\/#breadcrumb"},"inLanguage":"de","potentialAction":[{"@type":"ReadAction","target":["https:\/\/kaian.ch\/de\/product\/18k-gold-ring-diamanten-mit-rubin\/"]}]},{"@type":"BreadcrumbList","@id":"https:\/\/kaian.ch\/de\/product\/18k-gold-ring-diamanten-mit-rubin\/#breadcrumb","itemListElement":[{"@type":"ListItem","position":1,"name":"Home","item":"https:\/\/kaian.ch\/de\/"},{"@type":"ListItem","position":2,"name":"All Products","item":"https:\/\/kaian.ch\/all-products\/"},{"@type":"ListItem","position":3,"name":"18k Gold Ring Diamanten mit Rubin"}]},{"@type":"WebSite","@id":"https:\/\/kaian.ch\/#website","url":"https:\/\/kaian.ch\/","name":"Kaian Z\u00fcrich Jewellery","description":"","publisher":{"@id":"https:\/\/kaian.ch\/#organization"},"potentialAction":[{"@type":"SearchAction","target":{"@type":"EntryPoint","urlTemplate":"https:\/\/kaian.ch\/?s={search_term_string}"},"query-input":"required name=search_term_string"}],"inLanguage":"de"},{"@type":"Organization","@id":"https:\/\/kaian.ch\/#organization","name":"Kaian Z\u00fcrich Jewellery","url":"https:\/\/kaian.ch\/","logo":{"@type":"ImageObject","inLanguage":"de","@id":"https:\/\/kaian.ch\/#\/schema\/logo\/image\/","url":"https:\/\/i2.wp.com\/kaian.ch\/wp-content\/uploads\/2021\/07\/logo.png?fit=1243%2C876&ssl=1","contentUrl":"https:\/\/i2.wp.com\/kaian.ch\/wp-content\/uploads\/2021\/07\/logo.png?fit=1243%2C876&ssl=1","width":1243,"height":876,"caption":"Kaian Z\u00fcrich Jewellery"},"image":{"@id":"https:\/\/kaian.ch\/#\/schema\/logo\/image\/"},"sameAs":["https:\/\/www.instagram.com\/kaianjewels\/"]}]}},"_links":{"self":[{"href":"https:\/\/kaian.ch\/de\/wp-json\/wp\/v2\/product\/2578"}],"collection":[{"href":"https:\/\/kaian.ch\/de\/wp-json\/wp\/v2\/product"}],"about":[{"href":"https:\/\/kaian.ch\/de\/wp-json\/wp\/v2\/types\/product"}],"wp:featuredmedia":[{"embeddable":true,"href":"https:\/\/kaian.ch\/de\/wp-json\/wp\/v2\/media\/1535"}],"wp:attachment":[{"href":"https:\/\/kaian.ch\/de\/wp-json\/wp\/v2\/media?parent=2578"}],"wp:term":[{"taxonomy":"product_cat","embeddable":true,"href":"https:\/\/kaian.ch\/de\/wp-json\/wp\/v2\/product_cat?post=2578"},{"taxonomy":"product_tag","embeddable":true,"href":"https:\/\/kaian.ch\/de\/wp-json\/wp\/v2\/product_tag?post=2578"}],"curies":[{"name":"wp","href":"https:\/\/api.w.org\/{rel}","templated":true}]}}